{"id":11303,"date":"2018-01-31T07:34:13","date_gmt":"2018-01-31T07:34:13","guid":{"rendered":"https:\/\/demos.artbees.net\/jupiter\/recel-turevleri\/?page_id=11303"},"modified":"2018-02-02T07:45:42","modified_gmt":"2018-02-02T07:45:42","slug":"franchise","status":"publish","type":"page","link":"https:\/\/jupiter.artbees.net\/recel-turevleri\/home\/franchise\/","title":{"rendered":"Franchise"},"content":{"rendered":"<div class=\"wpb-content-wrapper\">[mk_page_section bg_image=&#8221;https:\/\/jupiter.artbees.net\/recel-turevleri\/wp-content\/uploads\/sites\/208\/2018\/01\/hakkimizda-bg-01.jpg&#8221; bg_position=&#8221;center center&#8221; bg_repeat=&#8221;no-repeat&#8221; bg_stretch=&#8221;true&#8221; video_color_mask=&#8221;#000000&#8243; video_opacity=&#8221;0.5&#8243; min_height=&#8221;700&#8243; js_vertical_centered=&#8221;true&#8221; sidebar=&#8221;sidebar-1&#8243;][vc_column][mk_fancy_title tag_name=&#8221;h1&#8243; color=&#8221;#ffffff&#8221; size=&#8221;60&#8243; force_font_size=&#8221;true&#8221; size_phone=&#8221;50&#8243; font_weight=&#8221;400&#8243; txt_transform=&#8221;capitalize&#8221; font_family=&#8221;none&#8221; align=&#8221;center&#8221;]anne \u015fefkatiyle&#8230;[\/mk_fancy_title][\/vc_column][\/mk_page_section][vc_row][vc_column][mk_padding_divider size=&#8221;110&#8243;][mk_fancy_title color=&#8221;#000000&#8243; size=&#8221;60&#8243; force_font_size=&#8221;true&#8221; size_phone=&#8221;40&#8243; font_weight=&#8221;400&#8243; txt_transform=&#8221;capitalize&#8221; font_family=&#8221;none&#8221; align=&#8221;center&#8221;]franchise hakk\u0131nda[\/mk_fancy_title][vc_row_inner][vc_column_inner width=&#8221;1\/6&#8243;][\/vc_column_inner][vc_column_inner width=&#8221;2\/3&#8243;][mk_fancy_title tag_name=&#8221;span&#8221; color=&#8221;#000000&#8243; size=&#8221;17&#8243; line_height=&#8221;180&#8243; font_family=&#8221;Noto+Sans&#8221; font_type=&#8221;google&#8221; align=&#8221;center&#8221;]T\u00fcrkiye&#8217;de yiyecek sekt\u00f6r\u00fc her y\u0131l y\u00fczde 700 bir b\u00fcy\u00fcmeye sahip. Yat\u0131r\u0131mc\u0131 ve giri\u015fimcilerin dikkatini \u00e7eken yeme-i\u00e7me sekt\u00f6r\u00fcnde, her y\u0131l onlarca i\u015fletme a\u00e7\u0131l\u0131yor. Peki bunlar\u0131n hangileri ba\u015far\u0131l\u0131 oluyor? Ba\u015far\u0131l\u0131 olanlar\u0131n fark\u0131 nedir? \u0130\u015fletmenin yap\u0131s\u0131nda olmazsa olmaz elementler nelerdir? Bir d\u00fckkan\u0131n mimari unsurlar\u0131n ba\u015far\u0131ya etkileri nelerdir? Bu ve merak edilen t\u00fcm sorular\u0131n cevaplar\u0131n\u0131 Re\u00e7el T\u00fcrevleri ile yapaca\u011f\u0131n\u0131z g\u00f6r\u00fc\u015fmelerde bulabilirsiniz.<br \/>\n[\/mk_fancy_title][mk_fancy_title tag_name=&#8221;span&#8221; color=&#8221;#000000&#8243; size=&#8221;17&#8243; line_height=&#8221;180&#8243; font_family=&#8221;Noto+Sans&#8221; font_type=&#8221;google&#8221; align=&#8221;center&#8221;]\u0130\u015fletme prensipleri ve denetim hakimiyetinin sa\u011flanabilmesi a\u00e7\u0131lar\u0131ndan, Re\u00e7el T\u00fcrevleri franchise verdi\u011fi i\u015fletmelere ortakl\u0131k yap\u0131s\u0131 anlay\u0131\u015f\u0131yla girer. Yeni a\u00e7\u0131lan d\u00fckkanlar\u0131n kurulu\u015f maliyetleri g\u00f6z \u00f6n\u00fcnde bulundurularak, i\u015fletmenin en k\u0131sa zamanda kara ge\u00e7ebilmesi hedeflenir ve bunun i\u00e7in gerekli destek marka taraf\u0131ndan sa\u011flan\u0131r.<br \/>\n[\/mk_fancy_title][mk_fancy_title tag_name=&#8221;span&#8221; color=&#8221;#000000&#8243; size=&#8221;17&#8243; line_height=&#8221;180&#8243; font_family=&#8221;Noto+Sans&#8221; font_type=&#8221;google&#8221; align=&#8221;center&#8221;]Mekan\u0131n se\u00e7ilmesi, mimari dekorasyonu, teknik ekipman\u0131 ve \u00e7al\u0131\u015facak elemanlar\u0131n e\u011fitimleri a\u015famalar\u0131nda bire bir bulunur, her t\u00fcrl\u00fc deste\u011fi profesyonel ekibiyle sa\u011flar.<br \/>\nRe\u00e7el T\u00fcrevleri Franchising ko\u015fullar\u0131 i\u00e7in <strong>info@recelturevleri.com<\/strong> \u00a0adresine talebinizi g\u00f6nderip, <strong>0 212 227 44 77<\/strong> numaral\u0131 hatt\u0131m\u0131zdan teyit alabilirsiniz.[\/mk_fancy_title][\/vc_column_inner][vc_column_inner width=&#8221;1\/6&#8243;][\/vc_column_inner][\/vc_row_inner][mk_padding_divider size=&#8221;120&#8243;][\/vc_column][\/vc_row][mk_page_section bg_image=&#8221;https:\/\/jupiter.artbees.net\/recel-turevleri\/wp-content\/uploads\/sites\/208\/2018\/01\/hakkimizda-bg-06.jpg&#8221; bg_position=&#8221;center center&#8221; bg_repeat=&#8221;no-repeat&#8221; bg_stretch=&#8221;true&#8221; enable_3d=&#8221;true&#8221; video_color_mask=&#8221;#000000&#8243; video_opacity=&#8221;0.5&#8243; min_height=&#8221;700&#8243; js_vertical_centered=&#8221;true&#8221; sidebar=&#8221;sidebar-1&#8243;][vc_column width=&#8221;1\/12&#8243;][\/vc_column][vc_column width=&#8221;10\/12&#8243;][mk_fancy_title color=&#8221;#ffffff&#8221; size=&#8221;60&#8243; force_font_size=&#8221;true&#8221; size_phone=&#8221;40&#8243; font_weight=&#8221;400&#8243; txt_transform=&#8221;none&#8221; font_family=&#8221;none&#8221; align=&#8221;center&#8221;]Bizde \u201cSeni Seviyorum\u201d denmez;\u00a0<strong>Re\u00e7el<\/strong> hediye edilir.[\/mk_fancy_title][\/vc_column][vc_column width=&#8221;1\/12&#8243;][\/vc_column][\/mk_page_section][vc_row fullwidth=&#8221;true&#8221; fullwidth_content=&#8221;false&#8221; css=&#8221;.vc_custom_1515742361709{background-color: #ebebeb !important;}&#8221;][vc_column][mk_padding_divider size=&#8221;50&#8243;][mk_social_networks size=&#8221;medium&#8221; style=&#8221;simple&#8221; margin=&#8221;8&#8243; icon_color=&#8221;#333333&#8243; icon_hover_color=&#8221;#ff6600&#8243; align=&#8221;center&#8221; facebook=&#8221;https:\/\/www.facebook.com\/recel.turevleri&#8221; twitter=&#8221;https:\/\/twitter.com\/recelturevleri&#8221; instagram=&#8221;https:\/\/www.instagram.com\/recelturevleri\/&#8221;][mk_divider style=&#8221;thin_solid&#8221; thin_single_color=&#8221;#595959&#8243; thickness=&#8221;2&#8243; margin_top=&#8221;0&#8243; margin_bottom=&#8221;0&#8243;][\/vc_column][\/vc_row]\n<\/div>","protected":false},"excerpt":{"rendered":"<p>[mk_page_section bg_image=&#8221;https:\/\/jupiter.artbees.net\/recel-turevleri\/wp-content\/uploads\/sites\/208\/2018\/01\/hakkimizda-bg-01.jpg&#8221; bg_position=&#8221;center center&#8221; bg_repeat=&#8221;no-repeat&#8221; bg_stretch=&#8221;true&#8221; video_color_mask=&#8221;#000000&#8243; video_opacity=&#8221;0.5&#8243; min_height=&#8221;700&#8243; js_vertical_centered=&#8221;true&#8221; sidebar=&#8221;sidebar-1&#8243;][vc_column][mk_fancy_title tag_name=&#8221;h1&#8243; color=&#8221;#ffffff&#8221; size=&#8221;60&#8243; force_font_size=&#8221;true&#8221; size_phone=&#8221;50&#8243; font_weight=&#8221;400&#8243; txt_transform=&#8221;capitalize&#8221; font_family=&#8221;none&#8221; align=&#8221;center&#8221;]anne \u015fefkatiyle&#8230;[\/mk_fancy_title][\/vc_column][\/mk_page_section][vc_row][vc_column][mk_padding_divider size=&#8221;110&#8243;][mk_fancy_title color=&#8221;#000000&#8243; size=&#8221;60&#8243; force_font_size=&#8221;true&#8221; size_phone=&#8221;40&#8243; font_weight=&#8221;400&#8243; txt_transform=&#8221;capitalize&#8221; font_family=&#8221;none&#8221; align=&#8221;center&#8221;]franchise hakk\u0131nda[\/mk_fancy_title][vc_row_inner][vc_column_inner width=&#8221;1\/6&#8243;][\/vc_column_inner][vc_column_inner width=&#8221;2\/3&#8243;][mk_fancy_title tag_name=&#8221;span&#8221; color=&#8221;#000000&#8243; size=&#8221;17&#8243; line_height=&#8221;180&#8243; font_family=&#8221;Noto+Sans&#8221; font_type=&#8221;google&#8221; align=&#8221;center&#8221;]T\u00fcrkiye&#8217;de yiyecek sekt\u00f6r\u00fc her y\u0131l y\u00fczde 700 bir b\u00fcy\u00fcmeye sahip. Yat\u0131r\u0131mc\u0131 ve giri\u015fimcilerin dikkatini \u00e7eken yeme-i\u00e7me [&hellip;]<\/p>\n","protected":false},"author":80,"featured_media":0,"parent":5,"menu_order":0,"comment_status":"closed","ping_status":"closed","template":"","meta":{"footnotes":""},"class_list":["post-11303","page","type-page","status-publish","hentry","mk-info-sticky"],"yoast_head":"<!-- This site is optimized with the Yoast SEO Premium plugin v15.7 - https:\/\/yoast.com\/wordpress\/plugins\/seo\/ -->\n<title>Franchise - Re\u00e7el T\u00fcrevleri<\/title>\n<meta name=\"robots\" content=\"index, follow, max-snippet:-1, max-image-preview:large, max-video-preview:-1\" \/>\n<link rel=\"canonical\" href=\"https:\/\/jupiter.artbees.net\/recel-turevleri\/home\/franchise\/\" \/>\n<meta property=\"og:locale\" content=\"en_US\" \/>\n<meta property=\"og:type\" content=\"article\" \/>\n<meta property=\"og:title\" content=\"Franchise - Re\u00e7el T\u00fcrevleri\" \/>\n<meta property=\"og:description\" content=\"[mk_page_section bg_image=&#8221;https:\/\/jupiter.artbees.net\/recel-turevleri\/wp-content\/uploads\/sites\/208\/2018\/01\/hakkimizda-bg-01.jpg&#8221; bg_position=&#8221;center center&#8221; bg_repeat=&#8221;no-repeat&#8221; bg_stretch=&#8221;true&#8221; video_color_mask=&#8221;#000000&#8243; video_opacity=&#8221;0.5&#8243; min_height=&#8221;700&#8243; js_vertical_centered=&#8221;true&#8221; sidebar=&#8221;sidebar-1&#8243;][vc_column][mk_fancy_title tag_name=&#8221;h1&#8243; color=&#8221;#ffffff&#8221; size=&#8221;60&#8243; force_font_size=&#8221;true&#8221; size_phone=&#8221;50&#8243; font_weight=&#8221;400&#8243; txt_transform=&#8221;capitalize&#8221; font_family=&#8221;none&#8221; align=&#8221;center&#8221;]anne \u015fefkatiyle&#8230;[\/mk_fancy_title][\/vc_column][\/mk_page_section][vc_row][vc_column][mk_padding_divider size=&#8221;110&#8243;][mk_fancy_title color=&#8221;#000000&#8243; size=&#8221;60&#8243; force_font_size=&#8221;true&#8221; size_phone=&#8221;40&#8243; font_weight=&#8221;400&#8243; txt_transform=&#8221;capitalize&#8221; font_family=&#8221;none&#8221; align=&#8221;center&#8221;]franchise hakk\u0131nda[\/mk_fancy_title][vc_row_inner][vc_column_inner width=&#8221;1\/6&#8243;][\/vc_column_inner][vc_column_inner width=&#8221;2\/3&#8243;][mk_fancy_title tag_name=&#8221;span&#8221; color=&#8221;#000000&#8243; size=&#8221;17&#8243; line_height=&#8221;180&#8243; font_family=&#8221;Noto+Sans&#8221; font_type=&#8221;google&#8221; align=&#8221;center&#8221;]T\u00fcrkiye&#8217;de yiyecek sekt\u00f6r\u00fc her y\u0131l y\u00fczde 700 bir b\u00fcy\u00fcmeye sahip. Yat\u0131r\u0131mc\u0131 ve giri\u015fimcilerin dikkatini \u00e7eken yeme-i\u00e7me [&hellip;]\" \/>\n<meta property=\"og:url\" content=\"https:\/\/jupiter.artbees.net\/recel-turevleri\/home\/franchise\/\" \/>\n<meta property=\"og:site_name\" content=\"Re\u00e7el T\u00fcrevleri\" \/>\n<meta property=\"article:modified_time\" content=\"2018-02-02T07:45:42+00:00\" \/>\n<meta name=\"twitter:card\" content=\"summary_large_image\" \/>\n<meta name=\"twitter:label1\" content=\"Est. reading time\">\n\t<meta name=\"twitter:data1\" content=\"3 minutes\">\n<script type=\"application\/ld+json\" class=\"yoast-schema-graph\">{\"@context\":\"https:\/\/schema.org\",\"@graph\":[{\"@type\":\"WebSite\",\"@id\":\"https:\/\/jupiter.artbees.net\/recel-turevleri\/#website\",\"url\":\"https:\/\/jupiter.artbees.net\/recel-turevleri\/\",\"name\":\"Re\\u00e7el T\\u00fcrevleri\",\"description\":\"\",\"potentialAction\":[{\"@type\":\"SearchAction\",\"target\":\"https:\/\/jupiter.artbees.net\/recel-turevleri\/?s={search_term_string}\",\"query-input\":\"required name=search_term_string\"}],\"inLanguage\":\"en-US\"},{\"@type\":\"WebPage\",\"@id\":\"https:\/\/jupiter.artbees.net\/recel-turevleri\/home\/franchise\/#webpage\",\"url\":\"https:\/\/jupiter.artbees.net\/recel-turevleri\/home\/franchise\/\",\"name\":\"Franchise - Re\\u00e7el T\\u00fcrevleri\",\"isPartOf\":{\"@id\":\"https:\/\/jupiter.artbees.net\/recel-turevleri\/#website\"},\"datePublished\":\"2018-01-31T07:34:13+00:00\",\"dateModified\":\"2018-02-02T07:45:42+00:00\",\"breadcrumb\":{\"@id\":\"https:\/\/jupiter.artbees.net\/recel-turevleri\/home\/franchise\/#breadcrumb\"},\"inLanguage\":\"en-US\",\"potentialAction\":[{\"@type\":\"ReadAction\",\"target\":[\"https:\/\/jupiter.artbees.net\/recel-turevleri\/home\/franchise\/\"]}]},{\"@type\":\"BreadcrumbList\",\"@id\":\"https:\/\/jupiter.artbees.net\/recel-turevleri\/home\/franchise\/#breadcrumb\",\"itemListElement\":[{\"@type\":\"ListItem\",\"position\":1,\"item\":{\"@type\":\"WebPage\",\"@id\":\"https:\/\/jupiter.artbees.net\/recel-turevleri\/\",\"url\":\"https:\/\/jupiter.artbees.net\/recel-turevleri\/\",\"name\":\"Home\"}},{\"@type\":\"ListItem\",\"position\":2,\"item\":{\"@type\":\"WebPage\",\"@id\":\"https:\/\/jupiter.artbees.net\/recel-turevleri\/\",\"url\":\"https:\/\/jupiter.artbees.net\/recel-turevleri\/\",\"name\":\"Re\\u00e7el T\\u00fcrevleri\"}},{\"@type\":\"ListItem\",\"position\":3,\"item\":{\"@type\":\"WebPage\",\"@id\":\"https:\/\/jupiter.artbees.net\/recel-turevleri\/home\/franchise\/\",\"url\":\"https:\/\/jupiter.artbees.net\/recel-turevleri\/home\/franchise\/\",\"name\":\"Franchise\"}}]}]}<\/script>\n<!-- \/ Yoast SEO Premium plugin. -->","_links":{"self":[{"href":"https:\/\/jupiter.artbees.net\/recel-turevleri\/wp-json\/wp\/v2\/pages\/11303","targetHints":{"allow":["GET"]}}],"collection":[{"href":"https:\/\/jupiter.artbees.net\/recel-turevleri\/wp-json\/wp\/v2\/pages"}],"about":[{"href":"https:\/\/jupiter.artbees.net\/recel-turevleri\/wp-json\/wp\/v2\/types\/page"}],"author":[{"embeddable":true,"href":"https:\/\/jupiter.artbees.net\/recel-turevleri\/wp-json\/wp\/v2\/users\/80"}],"replies":[{"embeddable":true,"href":"https:\/\/jupiter.artbees.net\/recel-turevleri\/wp-json\/wp\/v2\/comments?post=11303"}],"version-history":[{"count":7,"href":"https:\/\/jupiter.artbees.net\/recel-turevleri\/wp-json\/wp\/v2\/pages\/11303\/revisions"}],"predecessor-version":[{"id":11432,"href":"https:\/\/jupiter.artbees.net\/recel-turevleri\/wp-json\/wp\/v2\/pages\/11303\/revisions\/11432"}],"up":[{"embeddable":true,"href":"https:\/\/jupiter.artbees.net\/recel-turevleri\/wp-json\/wp\/v2\/pages\/5"}],"wp:attachment":[{"href":"https:\/\/jupiter.artbees.net\/recel-turevleri\/wp-json\/wp\/v2\/media?parent=11303"}],"curies":[{"name":"wp","href":"https:\/\/api.w.org\/{rel}","templated":true}]}}