{"id":11309,"date":"2018-01-31T07:48:08","date_gmt":"2018-01-31T07:48:08","guid":{"rendered":"https:\/\/demos.artbees.net\/jupiter\/recel-turevleri\/?page_id=11309"},"modified":"2018-02-19T09:51:54","modified_gmt":"2018-02-19T09:51:54","slug":"receller","status":"publish","type":"page","link":"https:\/\/jupiter.artbees.net\/recel-turevleri\/online-alisveris\/receller\/","title":{"rendered":"Re\u00e7eller"},"content":{"rendered":"<div class=\"wpb-content-wrapper\">[mk_page_section bg_image=&#8221;https:\/\/jupiter.artbees.net\/recel-turevleri\/wp-content\/uploads\/sites\/208\/2018\/01\/online-alisveris-bg-01.jpg&#8221; bg_position=&#8221;center center&#8221; bg_repeat=&#8221;no-repeat&#8221; bg_stretch=&#8221;true&#8221; video_color_mask=&#8221;#000000&#8243; video_opacity=&#8221;0.3&#8243; min_height=&#8221;700&#8243; js_vertical_centered=&#8221;true&#8221; sidebar=&#8221;sidebar-1&#8243;][vc_column][mk_fancy_title tag_name=&#8221;h1&#8243; color=&#8221;#ffffff&#8221; size=&#8221;60&#8243; force_font_size=&#8221;true&#8221; size_phone=&#8221;50&#8243; txt_transform=&#8221;capitalize&#8221; font_family=&#8221;none&#8221; align=&#8221;center&#8221;]re\u00e7ellerimiz[\/mk_fancy_title][\/vc_column][\/mk_page_section][vc_row][vc_column][mk_padding_divider size=&#8221;100&#8243;][mk_padding_divider size=&#8221;30&#8243;][mk_woocommerce_recent_carousel per_view=&#8221;4&#8243; per_page=&#8221;44&#8243; posts=&#8221;150, 151, 152, 153, 154, 155, 156, 157, 158, 159, 160, 161, 162, 163, 11436, 11437, 11438, 11439, 11440, 11442, 11441, 11443, 11444, 11445, 11446, 11447, 11448, 11449, 11450, 11451, 11452, 11453, 11454, 11455, 11456, 11457, 11458, 11459, 11460, 11461, 11462, 11463&#8243;][mk_padding_divider size=&#8221;50&#8243;][mk_divider style=&#8221;thin_solid&#8221; thin_single_color=&#8221;#595959&#8243; thickness=&#8221;2&#8243;][mk_padding_divider size=&#8221;100&#8243;][mk_woocommerce_recent_carousel image_size=&#8221;full&#8221; per_view=&#8221;4&#8243; per_page=&#8221;44&#8243; order=&#8221;ASC&#8221; posts=&#8221;150, 151, 152, 153, 154, 155, 156, 157, 158, 159, 160, 161, 162, 163, 11436, 11437, 11438, 11439, 11440, 11442, 11441, 11443, 11444, 11445, 11446, 11447, 11448, 11449, 11450, 11451, 11452, 11453, 11454, 11455, 11456, 11457, 11458, 11459, 11460, 11461, 11462, 11463&#8243;][mk_padding_divider size=&#8221;100&#8243;][\/vc_column][\/vc_row]\n<\/div>","protected":false},"excerpt":{"rendered":"<p>[mk_page_section bg_image=&#8221;https:\/\/jupiter.artbees.net\/recel-turevleri\/wp-content\/uploads\/sites\/208\/2018\/01\/online-alisveris-bg-01.jpg&#8221; bg_position=&#8221;center center&#8221; bg_repeat=&#8221;no-repeat&#8221; bg_stretch=&#8221;true&#8221; video_color_mask=&#8221;#000000&#8243; video_opacity=&#8221;0.3&#8243; min_height=&#8221;700&#8243; js_vertical_centered=&#8221;true&#8221; sidebar=&#8221;sidebar-1&#8243;][vc_column][mk_fancy_title tag_name=&#8221;h1&#8243; color=&#8221;#ffffff&#8221; size=&#8221;60&#8243; force_font_size=&#8221;true&#8221; size_phone=&#8221;50&#8243; txt_transform=&#8221;capitalize&#8221; font_family=&#8221;none&#8221; align=&#8221;center&#8221;]re\u00e7ellerimiz[\/mk_fancy_title][\/vc_column][\/mk_page_section][vc_row][vc_column][mk_padding_divider size=&#8221;100&#8243;][mk_padding_divider size=&#8221;30&#8243;][mk_woocommerce_recent_carousel per_view=&#8221;4&#8243; per_page=&#8221;44&#8243; posts=&#8221;150, 151, 152, 153, 154, 155, 156, 157, 158, 159, 160, 161, 162, 163, 11436, 11437, 11438, 11439, 11440, 11442, 11441, 11443, 11444, 11445, 11446, 11447, 11448, 11449, 11450, 11451, 11452, 11453, [&hellip;]<\/p>\n","protected":false},"author":80,"featured_media":0,"parent":11,"menu_order":0,"comment_status":"closed","ping_status":"closed","template":"","meta":{"footnotes":""},"class_list":["post-11309","page","type-page","status-publish","hentry","mk-info-sticky"],"yoast_head":"<!-- This site is optimized with the Yoast SEO Premium plugin v15.7 - https:\/\/yoast.com\/wordpress\/plugins\/seo\/ -->\n<title>Re\u00e7eller - Re\u00e7el T\u00fcrevleri<\/title>\n<meta name=\"robots\" content=\"index, follow, max-snippet:-1, max-image-preview:large, max-video-preview:-1\" \/>\n<link rel=\"canonical\" href=\"https:\/\/jupiter.artbees.net\/recel-turevleri\/online-alisveris\/receller\/\" \/>\n<meta property=\"og:locale\" content=\"en_US\" \/>\n<meta property=\"og:type\" content=\"article\" \/>\n<meta property=\"og:title\" content=\"Re\u00e7eller - Re\u00e7el T\u00fcrevleri\" \/>\n<meta property=\"og:description\" content=\"[mk_page_section bg_image=&#8221;https:\/\/jupiter.artbees.net\/recel-turevleri\/wp-content\/uploads\/sites\/208\/2018\/01\/online-alisveris-bg-01.jpg&#8221; bg_position=&#8221;center center&#8221; bg_repeat=&#8221;no-repeat&#8221; bg_stretch=&#8221;true&#8221; video_color_mask=&#8221;#000000&#8243; video_opacity=&#8221;0.3&#8243; min_height=&#8221;700&#8243; js_vertical_centered=&#8221;true&#8221; sidebar=&#8221;sidebar-1&#8243;][vc_column][mk_fancy_title tag_name=&#8221;h1&#8243; color=&#8221;#ffffff&#8221; size=&#8221;60&#8243; force_font_size=&#8221;true&#8221; size_phone=&#8221;50&#8243; txt_transform=&#8221;capitalize&#8221; font_family=&#8221;none&#8221; align=&#8221;center&#8221;]re\u00e7ellerimiz[\/mk_fancy_title][\/vc_column][\/mk_page_section][vc_row][vc_column][mk_padding_divider size=&#8221;100&#8243;][mk_padding_divider size=&#8221;30&#8243;][mk_woocommerce_recent_carousel per_view=&#8221;4&#8243; per_page=&#8221;44&#8243; posts=&#8221;150, 151, 152, 153, 154, 155, 156, 157, 158, 159, 160, 161, 162, 163, 11436, 11437, 11438, 11439, 11440, 11442, 11441, 11443, 11444, 11445, 11446, 11447, 11448, 11449, 11450, 11451, 11452, 11453, [&hellip;]\" \/>\n<meta property=\"og:url\" content=\"https:\/\/jupiter.artbees.net\/recel-turevleri\/online-alisveris\/receller\/\" \/>\n<meta property=\"og:site_name\" content=\"Re\u00e7el T\u00fcrevleri\" \/>\n<meta property=\"article:modified_time\" content=\"2018-02-19T09:51:54+00:00\" \/>\n<meta name=\"twitter:card\" content=\"summary_large_image\" \/>\n<meta name=\"twitter:label1\" content=\"Est. reading time\">\n\t<meta name=\"twitter:data1\" content=\"1 minute\">\n<script type=\"application\/ld+json\" class=\"yoast-schema-graph\">{\"@context\":\"https:\/\/schema.org\",\"@graph\":[{\"@type\":\"WebSite\",\"@id\":\"https:\/\/jupiter.artbees.net\/recel-turevleri\/#website\",\"url\":\"https:\/\/jupiter.artbees.net\/recel-turevleri\/\",\"name\":\"Re\\u00e7el T\\u00fcrevleri\",\"description\":\"\",\"potentialAction\":[{\"@type\":\"SearchAction\",\"target\":\"https:\/\/jupiter.artbees.net\/recel-turevleri\/?s={search_term_string}\",\"query-input\":\"required name=search_term_string\"}],\"inLanguage\":\"en-US\"},{\"@type\":\"WebPage\",\"@id\":\"https:\/\/jupiter.artbees.net\/recel-turevleri\/online-alisveris\/receller\/#webpage\",\"url\":\"https:\/\/jupiter.artbees.net\/recel-turevleri\/online-alisveris\/receller\/\",\"name\":\"Re\\u00e7eller - Re\\u00e7el T\\u00fcrevleri\",\"isPartOf\":{\"@id\":\"https:\/\/jupiter.artbees.net\/recel-turevleri\/#website\"},\"datePublished\":\"2018-01-31T07:48:08+00:00\",\"dateModified\":\"2018-02-19T09:51:54+00:00\",\"breadcrumb\":{\"@id\":\"https:\/\/jupiter.artbees.net\/recel-turevleri\/online-alisveris\/receller\/#breadcrumb\"},\"inLanguage\":\"en-US\",\"potentialAction\":[{\"@type\":\"ReadAction\",\"target\":[\"https:\/\/jupiter.artbees.net\/recel-turevleri\/online-alisveris\/receller\/\"]}]},{\"@type\":\"BreadcrumbList\",\"@id\":\"https:\/\/jupiter.artbees.net\/recel-turevleri\/online-alisveris\/receller\/#breadcrumb\",\"itemListElement\":[{\"@type\":\"ListItem\",\"position\":1,\"item\":{\"@type\":\"WebPage\",\"@id\":\"https:\/\/jupiter.artbees.net\/recel-turevleri\/\",\"url\":\"https:\/\/jupiter.artbees.net\/recel-turevleri\/\",\"name\":\"Home\"}},{\"@type\":\"ListItem\",\"position\":2,\"item\":{\"@type\":\"WebPage\",\"@id\":\"https:\/\/jupiter.artbees.net\/recel-turevleri\/online-alisveris\/\",\"url\":\"https:\/\/jupiter.artbees.net\/recel-turevleri\/online-alisveris\/\",\"name\":\"Online Al\\u0131\\u015fveri\\u015f\"}},{\"@type\":\"ListItem\",\"position\":3,\"item\":{\"@type\":\"WebPage\",\"@id\":\"https:\/\/jupiter.artbees.net\/recel-turevleri\/online-alisveris\/receller\/\",\"url\":\"https:\/\/jupiter.artbees.net\/recel-turevleri\/online-alisveris\/receller\/\",\"name\":\"Re\\u00e7eller\"}}]}]}<\/script>\n<!-- \/ Yoast SEO Premium plugin. -->","_links":{"self":[{"href":"https:\/\/jupiter.artbees.net\/recel-turevleri\/wp-json\/wp\/v2\/pages\/11309","targetHints":{"allow":["GET"]}}],"collection":[{"href":"https:\/\/jupiter.artbees.net\/recel-turevleri\/wp-json\/wp\/v2\/pages"}],"about":[{"href":"https:\/\/jupiter.artbees.net\/recel-turevleri\/wp-json\/wp\/v2\/types\/page"}],"author":[{"embeddable":true,"href":"https:\/\/jupiter.artbees.net\/recel-turevleri\/wp-json\/wp\/v2\/users\/80"}],"replies":[{"embeddable":true,"href":"https:\/\/jupiter.artbees.net\/recel-turevleri\/wp-json\/wp\/v2\/comments?post=11309"}],"version-history":[{"count":11,"href":"https:\/\/jupiter.artbees.net\/recel-turevleri\/wp-json\/wp\/v2\/pages\/11309\/revisions"}],"predecessor-version":[{"id":11562,"href":"https:\/\/jupiter.artbees.net\/recel-turevleri\/wp-json\/wp\/v2\/pages\/11309\/revisions\/11562"}],"up":[{"embeddable":true,"href":"https:\/\/jupiter.artbees.net\/recel-turevleri\/wp-json\/wp\/v2\/pages\/11"}],"wp:attachment":[{"href":"https:\/\/jupiter.artbees.net\/recel-turevleri\/wp-json\/wp\/v2\/media?parent=11309"}],"curies":[{"name":"wp","href":"https:\/\/api.w.org\/{rel}","templated":true}]}}