{"id":11311,"date":"2018-01-31T07:49:03","date_gmt":"2018-01-31T07:49:03","guid":{"rendered":"https:\/\/demos.artbees.net\/jupiter\/recel-turevleri\/?page_id=11311"},"modified":"2018-02-21T06:10:32","modified_gmt":"2018-02-21T06:10:32","slug":"salca-ve-soslar","status":"publish","type":"page","link":"https:\/\/jupiter.artbees.net\/recel-turevleri\/online-alisveris\/salca-ve-soslar\/","title":{"rendered":"Sal\u00e7a ve Soslar"},"content":{"rendered":"<div class=\"wpb-content-wrapper\">[mk_page_section bg_image=&#8221;https:\/\/jupiter.artbees.net\/recel-turevleri\/wp-content\/uploads\/sites\/208\/2018\/02\/domates-salcasix01.png&#8221; bg_position=&#8221;center center&#8221; bg_repeat=&#8221;no-repeat&#8221; bg_stretch=&#8221;true&#8221; video_color_mask=&#8221;#000000&#8243; video_opacity=&#8221;0.3&#8243; min_height=&#8221;700&#8243; js_vertical_centered=&#8221;true&#8221; sidebar=&#8221;sidebar-1&#8243;][vc_column][mk_fancy_title tag_name=&#8221;h1&#8243; color=&#8221;#ffffff&#8221; size=&#8221;60&#8243; force_font_size=&#8221;true&#8221; size_phone=&#8221;50&#8243; txt_transform=&#8221;none&#8221; font_family=&#8221;none&#8221; align=&#8221;center&#8221;]Sal\u00e7a ve Soslar[\/mk_fancy_title][\/vc_column][\/mk_page_section][vc_row][vc_column][mk_padding_divider size=&#8221;100&#8243;][mk_padding_divider size=&#8221;30&#8243;][mk_woocommerce_recent_carousel per_page=&#8221;4&#8243; posts=&#8221;11535, 11537, 11538, 11536&#8243;][mk_padding_divider size=&#8221;50&#8243;][mk_divider style=&#8221;thin_solid&#8221; thin_single_color=&#8221;#595959&#8243; thickness=&#8221;2&#8243;][mk_padding_divider size=&#8221;100&#8243;]<div class=\"woocommerce columns-5 \"><ul class=\"products columns-5\">\n<li class=\"mk-info-sticky product type-product post-11535 status-publish first instock product_cat-salca-ve-soslar has-post-thumbnail shipping-taxable purchasable product-type-simple\">\n\t<div class=\"mk-product-warp\"><a href=\"https:\/\/jupiter.artbees.net\/recel-turevleri\/product\/acili-biber-salcasi\/\" class=\"woocommerce-LoopProduct-link woocommerce-loop-product__link\">\t<div class=\"mk-product-thumbnail-warp\">\n\t<img decoding=\"async\" width=\"300\" height=\"300\" src=\"https:\/\/jupiter.artbees.net\/recel-turevleri\/wp-content\/uploads\/sites\/208\/2018\/02\/acili-biber-salcasi-01-300x300.png\" class=\"attachment-woocommerce_thumbnail size-woocommerce_thumbnail\" alt=\"\" srcset=\"https:\/\/jupiter.artbees.net\/recel-turevleri\/wp-content\/uploads\/sites\/208\/2018\/02\/acili-biber-salcasi-01-300x300.png 300w, https:\/\/jupiter.artbees.net\/recel-turevleri\/wp-content\/uploads\/sites\/208\/2018\/02\/acili-biber-salcasi-01-150x150.png 150w, https:\/\/jupiter.artbees.net\/recel-turevleri\/wp-content\/uploads\/sites\/208\/2018\/02\/acili-biber-salcasi-01-768x768.png 768w, https:\/\/jupiter.artbees.net\/recel-turevleri\/wp-content\/uploads\/sites\/208\/2018\/02\/acili-biber-salcasi-01-600x600.png 600w, https:\/\/jupiter.artbees.net\/recel-turevleri\/wp-content\/uploads\/sites\/208\/2018\/02\/acili-biber-salcasi-01-266x266.png 266w, https:\/\/jupiter.artbees.net\/recel-turevleri\/wp-content\/uploads\/sites\/208\/2018\/02\/acili-biber-salcasi-01-100x100.png 100w, https:\/\/jupiter.artbees.net\/recel-turevleri\/wp-content\/uploads\/sites\/208\/2018\/02\/acili-biber-salcasi-01.png 800w\" sizes=\"(max-width: 300px) 100vw, 300px\" itemprop=\"image\" \/>\t<\/div>\n\t<h2 class=\"woocommerce-loop-product__title\">Ac\u0131l\u0131 Biber Sal\u00e7as\u0131<\/h2>\n\t<span class=\"price\"><span class=\"woocommerce-Price-amount amount\"><bdi>17.00<span class=\"woocommerce-Price-currencySymbol\">&#8378;<\/span><\/bdi><\/span><\/span>\n<\/a><a rel=\"nofollow\" href=\"?add-to-cart=11535\" data-quantity=\"1\" data-product_id=\"11535\" data-product_sku=\"\" class=\"button product_type_simple add_to_cart_button ajax_add_to_cart\" data-product_id=\"11535\" data-product_sku=\"\" aria-label=\"Add to cart: &ldquo;Ac\u0131l\u0131 Biber Sal\u00e7as\u0131&rdquo;\" aria-describedby=\"\" rel=\"nofollow\"><svg  class=\"mk-svg-icon\" data-name=\"mk-moon-cart-plus\" data-cacheid=\"icon-69e1e11f55e83\" style=\" height:12px; width: 12px; \"  xmlns=\"http:\/\/www.w3.org\/2000\/svg\" viewBox=\"0 0 512 512\"><path d=\"M416 96h-272c-16.138 0-29.751 12.018-31.753 28.031l-28.496 227.969h-51.751c-17.673 0-32 14.327-32 32s14.327 32 32 32h80c16.138 0 29.751-12.017 31.753-28.031l28.496-227.969h219.613l57.369 200.791c4.854 16.993 22.567 26.832 39.56 21.978 16.993-4.855 26.833-22.567 21.978-39.56l-64-224c-3.925-13.737-16.482-23.209-30.769-23.209zm-288-80a48 48 2700 1 0 96 0 48 48 2700 1 0-96 0zm192 0a48 48 2700 1 0 96 0 48 48 2700 1 0-96 0zm64 240h-64v-64h-64v64h-64v64h64v64h64v-64h64z\" transform=\"scale(1 -1) translate(0 -480)\"\/><\/svg><span class=\"button-text\">Add to cart<\/span><\/a><\/div><\/li>\n<li class=\"mk-info-sticky product type-product post-11536 status-publish instock product_cat-salca-ve-soslar has-post-thumbnail shipping-taxable purchasable product-type-simple\">\n\t<div class=\"mk-product-warp\"><a href=\"https:\/\/jupiter.artbees.net\/recel-turevleri\/product\/biber-salcasi\/\" class=\"woocommerce-LoopProduct-link woocommerce-loop-product__link\">\t<div class=\"mk-product-thumbnail-warp\">\n\t<img decoding=\"async\" width=\"300\" height=\"300\" src=\"https:\/\/jupiter.artbees.net\/recel-turevleri\/wp-content\/uploads\/sites\/208\/2018\/02\/biber-salcasi-02-300x300.png\" class=\"attachment-woocommerce_thumbnail size-woocommerce_thumbnail\" alt=\"\" srcset=\"https:\/\/jupiter.artbees.net\/recel-turevleri\/wp-content\/uploads\/sites\/208\/2018\/02\/biber-salcasi-02-300x300.png 300w, https:\/\/jupiter.artbees.net\/recel-turevleri\/wp-content\/uploads\/sites\/208\/2018\/02\/biber-salcasi-02-150x150.png 150w, https:\/\/jupiter.artbees.net\/recel-turevleri\/wp-content\/uploads\/sites\/208\/2018\/02\/biber-salcasi-02-768x768.png 768w, https:\/\/jupiter.artbees.net\/recel-turevleri\/wp-content\/uploads\/sites\/208\/2018\/02\/biber-salcasi-02-600x600.png 600w, https:\/\/jupiter.artbees.net\/recel-turevleri\/wp-content\/uploads\/sites\/208\/2018\/02\/biber-salcasi-02-266x266.png 266w, https:\/\/jupiter.artbees.net\/recel-turevleri\/wp-content\/uploads\/sites\/208\/2018\/02\/biber-salcasi-02-100x100.png 100w, https:\/\/jupiter.artbees.net\/recel-turevleri\/wp-content\/uploads\/sites\/208\/2018\/02\/biber-salcasi-02.png 800w\" sizes=\"(max-width: 300px) 100vw, 300px\" itemprop=\"image\" \/>\t<\/div>\n\t<h2 class=\"woocommerce-loop-product__title\">Biber Sal\u00e7as\u0131<\/h2>\n\t<span class=\"price\"><span class=\"woocommerce-Price-amount amount\"><bdi>17.00<span class=\"woocommerce-Price-currencySymbol\">&#8378;<\/span><\/bdi><\/span><\/span>\n<\/a><a rel=\"nofollow\" href=\"?add-to-cart=11536\" data-quantity=\"1\" data-product_id=\"11536\" data-product_sku=\"\" class=\"button product_type_simple add_to_cart_button ajax_add_to_cart\" data-product_id=\"11536\" data-product_sku=\"\" aria-label=\"Add to cart: &ldquo;Biber Sal\u00e7as\u0131&rdquo;\" aria-describedby=\"\" rel=\"nofollow\"><svg  class=\"mk-svg-icon\" data-name=\"mk-moon-cart-plus\" data-cacheid=\"icon-69e1e11f5661d\" style=\" height:12px; width: 12px; \"  xmlns=\"http:\/\/www.w3.org\/2000\/svg\" viewBox=\"0 0 512 512\"><path d=\"M416 96h-272c-16.138 0-29.751 12.018-31.753 28.031l-28.496 227.969h-51.751c-17.673 0-32 14.327-32 32s14.327 32 32 32h80c16.138 0 29.751-12.017 31.753-28.031l28.496-227.969h219.613l57.369 200.791c4.854 16.993 22.567 26.832 39.56 21.978 16.993-4.855 26.833-22.567 21.978-39.56l-64-224c-3.925-13.737-16.482-23.209-30.769-23.209zm-288-80a48 48 2700 1 0 96 0 48 48 2700 1 0-96 0zm192 0a48 48 2700 1 0 96 0 48 48 2700 1 0-96 0zm64 240h-64v-64h-64v64h-64v64h64v64h64v-64h64z\" transform=\"scale(1 -1) translate(0 -480)\"\/><\/svg><span class=\"button-text\">Add to cart<\/span><\/a><\/div><\/li>\n<li class=\"mk-info-sticky product type-product post-152 status-publish instock product_cat-sebzeli has-post-thumbnail shipping-taxable purchasable product-type-simple\">\n\t<div class=\"mk-product-warp\"><a href=\"https:\/\/jupiter.artbees.net\/recel-turevleri\/product\/domates-receli\/\" class=\"woocommerce-LoopProduct-link woocommerce-loop-product__link\">\t<div class=\"mk-product-thumbnail-warp\">\n\t<img decoding=\"async\" width=\"300\" height=\"300\" src=\"https:\/\/jupiter.artbees.net\/recel-turevleri\/wp-content\/uploads\/sites\/208\/2018\/01\/urunler-03-300x300.jpg\" class=\"attachment-woocommerce_thumbnail size-woocommerce_thumbnail\" alt=\"\" srcset=\"https:\/\/jupiter.artbees.net\/recel-turevleri\/wp-content\/uploads\/sites\/208\/2018\/01\/urunler-03-300x300.jpg 300w, https:\/\/jupiter.artbees.net\/recel-turevleri\/wp-content\/uploads\/sites\/208\/2018\/01\/urunler-03-150x150.jpg 150w, https:\/\/jupiter.artbees.net\/recel-turevleri\/wp-content\/uploads\/sites\/208\/2018\/01\/urunler-03-768x768.jpg 768w, https:\/\/jupiter.artbees.net\/recel-turevleri\/wp-content\/uploads\/sites\/208\/2018\/01\/urunler-03-120x120.jpg 120w, https:\/\/jupiter.artbees.net\/recel-turevleri\/wp-content\/uploads\/sites\/208\/2018\/01\/urunler-03.jpg 800w, https:\/\/jupiter.artbees.net\/recel-turevleri\/wp-content\/uploads\/sites\/208\/2018\/01\/urunler-03-266x266.jpg 266w, https:\/\/jupiter.artbees.net\/recel-turevleri\/wp-content\/uploads\/sites\/208\/2018\/01\/urunler-03-600x600.jpg 600w, https:\/\/jupiter.artbees.net\/recel-turevleri\/wp-content\/uploads\/sites\/208\/2018\/01\/urunler-03-100x100.jpg 100w\" sizes=\"(max-width: 300px) 100vw, 300px\" itemprop=\"image\" \/>\t<\/div>\n\t<h2 class=\"woocommerce-loop-product__title\">Domates Re\u00e7eli<\/h2>\n\t<span class=\"price\"><span class=\"woocommerce-Price-amount amount\"><bdi>20.00<span class=\"woocommerce-Price-currencySymbol\">&#8378;<\/span><\/bdi><\/span><\/span>\n<\/a><a rel=\"nofollow\" href=\"?add-to-cart=152\" data-quantity=\"1\" data-product_id=\"152\" data-product_sku=\"\" class=\"button product_type_simple add_to_cart_button ajax_add_to_cart\" data-product_id=\"152\" data-product_sku=\"\" aria-label=\"Add to cart: &ldquo;Domates Re\u00e7eli&rdquo;\" aria-describedby=\"\" rel=\"nofollow\"><svg  class=\"mk-svg-icon\" data-name=\"mk-moon-cart-plus\" data-cacheid=\"icon-69e1e11f56c5f\" style=\" height:12px; width: 12px; \"  xmlns=\"http:\/\/www.w3.org\/2000\/svg\" viewBox=\"0 0 512 512\"><path d=\"M416 96h-272c-16.138 0-29.751 12.018-31.753 28.031l-28.496 227.969h-51.751c-17.673 0-32 14.327-32 32s14.327 32 32 32h80c16.138 0 29.751-12.017 31.753-28.031l28.496-227.969h219.613l57.369 200.791c4.854 16.993 22.567 26.832 39.56 21.978 16.993-4.855 26.833-22.567 21.978-39.56l-64-224c-3.925-13.737-16.482-23.209-30.769-23.209zm-288-80a48 48 2700 1 0 96 0 48 48 2700 1 0-96 0zm192 0a48 48 2700 1 0 96 0 48 48 2700 1 0-96 0zm64 240h-64v-64h-64v64h-64v64h64v64h64v-64h64z\" transform=\"scale(1 -1) translate(0 -480)\"\/><\/svg><span class=\"button-text\">Add to cart<\/span><\/a><\/div><\/li>\n<li class=\"mk-info-sticky product type-product post-11537 status-publish instock product_cat-salca-ve-soslar has-post-thumbnail shipping-taxable purchasable product-type-simple\">\n\t<div class=\"mk-product-warp\"><a href=\"https:\/\/jupiter.artbees.net\/recel-turevleri\/product\/domates-salcasi\/\" class=\"woocommerce-LoopProduct-link woocommerce-loop-product__link\">\t<div class=\"mk-product-thumbnail-warp\">\n\t<img decoding=\"async\" width=\"300\" height=\"300\" src=\"https:\/\/jupiter.artbees.net\/recel-turevleri\/wp-content\/uploads\/sites\/208\/2018\/02\/domates-salcasi-01-300x300.png\" class=\"attachment-woocommerce_thumbnail size-woocommerce_thumbnail\" alt=\"\" srcset=\"https:\/\/jupiter.artbees.net\/recel-turevleri\/wp-content\/uploads\/sites\/208\/2018\/02\/domates-salcasi-01-300x300.png 300w, https:\/\/jupiter.artbees.net\/recel-turevleri\/wp-content\/uploads\/sites\/208\/2018\/02\/domates-salcasi-01-150x150.png 150w, https:\/\/jupiter.artbees.net\/recel-turevleri\/wp-content\/uploads\/sites\/208\/2018\/02\/domates-salcasi-01-768x768.png 768w, https:\/\/jupiter.artbees.net\/recel-turevleri\/wp-content\/uploads\/sites\/208\/2018\/02\/domates-salcasi-01-600x600.png 600w, https:\/\/jupiter.artbees.net\/recel-turevleri\/wp-content\/uploads\/sites\/208\/2018\/02\/domates-salcasi-01-266x266.png 266w, https:\/\/jupiter.artbees.net\/recel-turevleri\/wp-content\/uploads\/sites\/208\/2018\/02\/domates-salcasi-01-100x100.png 100w, https:\/\/jupiter.artbees.net\/recel-turevleri\/wp-content\/uploads\/sites\/208\/2018\/02\/domates-salcasi-01.png 800w\" sizes=\"(max-width: 300px) 100vw, 300px\" itemprop=\"image\" \/>\t<\/div>\n\t<h2 class=\"woocommerce-loop-product__title\">Domates Sal\u00e7as\u0131<\/h2>\n\t<span class=\"price\"><span class=\"woocommerce-Price-amount amount\"><bdi>17.99<span class=\"woocommerce-Price-currencySymbol\">&#8378;<\/span><\/bdi><\/span><\/span>\n<\/a><a rel=\"nofollow\" href=\"?add-to-cart=11537\" data-quantity=\"1\" data-product_id=\"11537\" data-product_sku=\"\" class=\"button product_type_simple add_to_cart_button ajax_add_to_cart\" data-product_id=\"11537\" data-product_sku=\"\" aria-label=\"Add to cart: &ldquo;Domates Sal\u00e7as\u0131&rdquo;\" aria-describedby=\"\" rel=\"nofollow\"><svg  class=\"mk-svg-icon\" data-name=\"mk-moon-cart-plus\" data-cacheid=\"icon-69e1e11f57453\" style=\" height:12px; width: 12px; \"  xmlns=\"http:\/\/www.w3.org\/2000\/svg\" viewBox=\"0 0 512 512\"><path d=\"M416 96h-272c-16.138 0-29.751 12.018-31.753 28.031l-28.496 227.969h-51.751c-17.673 0-32 14.327-32 32s14.327 32 32 32h80c16.138 0 29.751-12.017 31.753-28.031l28.496-227.969h219.613l57.369 200.791c4.854 16.993 22.567 26.832 39.56 21.978 16.993-4.855 26.833-22.567 21.978-39.56l-64-224c-3.925-13.737-16.482-23.209-30.769-23.209zm-288-80a48 48 2700 1 0 96 0 48 48 2700 1 0-96 0zm192 0a48 48 2700 1 0 96 0 48 48 2700 1 0-96 0zm64 240h-64v-64h-64v64h-64v64h64v64h64v-64h64z\" transform=\"scale(1 -1) translate(0 -480)\"\/><\/svg><span class=\"button-text\">Add to cart<\/span><\/a><\/div><\/li>\n<li class=\"mk-info-sticky product type-product post-11538 status-publish last instock product_cat-salca-ve-soslar has-post-thumbnail shipping-taxable purchasable product-type-simple\">\n\t<div class=\"mk-product-warp\"><a href=\"https:\/\/jupiter.artbees.net\/recel-turevleri\/product\/domates-soslari\/\" class=\"woocommerce-LoopProduct-link woocommerce-loop-product__link\">\t<div class=\"mk-product-thumbnail-warp\">\n\t<img decoding=\"async\" width=\"300\" height=\"300\" src=\"https:\/\/jupiter.artbees.net\/recel-turevleri\/wp-content\/uploads\/sites\/208\/2018\/02\/domates-sosu-300x300.png\" class=\"attachment-woocommerce_thumbnail size-woocommerce_thumbnail\" alt=\"\" srcset=\"https:\/\/jupiter.artbees.net\/recel-turevleri\/wp-content\/uploads\/sites\/208\/2018\/02\/domates-sosu-300x300.png 300w, https:\/\/jupiter.artbees.net\/recel-turevleri\/wp-content\/uploads\/sites\/208\/2018\/02\/domates-sosu-150x150.png 150w, https:\/\/jupiter.artbees.net\/recel-turevleri\/wp-content\/uploads\/sites\/208\/2018\/02\/domates-sosu-768x768.png 768w, https:\/\/jupiter.artbees.net\/recel-turevleri\/wp-content\/uploads\/sites\/208\/2018\/02\/domates-sosu-600x600.png 600w, https:\/\/jupiter.artbees.net\/recel-turevleri\/wp-content\/uploads\/sites\/208\/2018\/02\/domates-sosu-266x266.png 266w, https:\/\/jupiter.artbees.net\/recel-turevleri\/wp-content\/uploads\/sites\/208\/2018\/02\/domates-sosu-100x100.png 100w, https:\/\/jupiter.artbees.net\/recel-turevleri\/wp-content\/uploads\/sites\/208\/2018\/02\/domates-sosu.png 800w\" sizes=\"(max-width: 300px) 100vw, 300px\" itemprop=\"image\" \/>\t<\/div>\n\t<h2 class=\"woocommerce-loop-product__title\">Domates Soslar\u0131<\/h2>\n\t<span class=\"price\"><span class=\"woocommerce-Price-amount amount\"><bdi>17.00<span class=\"woocommerce-Price-currencySymbol\">&#8378;<\/span><\/bdi><\/span><\/span>\n<\/a><a rel=\"nofollow\" href=\"?add-to-cart=11538\" data-quantity=\"1\" data-product_id=\"11538\" data-product_sku=\"\" class=\"button product_type_simple add_to_cart_button ajax_add_to_cart\" data-product_id=\"11538\" data-product_sku=\"\" aria-label=\"Add to cart: &ldquo;Domates Soslar\u0131&rdquo;\" aria-describedby=\"\" rel=\"nofollow\"><svg  class=\"mk-svg-icon\" data-name=\"mk-moon-cart-plus\" data-cacheid=\"icon-69e1e11f57b85\" style=\" height:12px; width: 12px; \"  xmlns=\"http:\/\/www.w3.org\/2000\/svg\" viewBox=\"0 0 512 512\"><path d=\"M416 96h-272c-16.138 0-29.751 12.018-31.753 28.031l-28.496 227.969h-51.751c-17.673 0-32 14.327-32 32s14.327 32 32 32h80c16.138 0 29.751-12.017 31.753-28.031l28.496-227.969h219.613l57.369 200.791c4.854 16.993 22.567 26.832 39.56 21.978 16.993-4.855 26.833-22.567 21.978-39.56l-64-224c-3.925-13.737-16.482-23.209-30.769-23.209zm-288-80a48 48 2700 1 0 96 0 48 48 2700 1 0-96 0zm192 0a48 48 2700 1 0 96 0 48 48 2700 1 0-96 0zm64 240h-64v-64h-64v64h-64v64h64v64h64v-64h64z\" transform=\"scale(1 -1) translate(0 -480)\"\/><\/svg><span class=\"button-text\">Add to cart<\/span><\/a><\/div><\/li>\n<\/ul>\n<\/div>[mk_padding_divider size=&#8221;100&#8243;][\/vc_column][\/vc_row]\n<\/div>","protected":false},"excerpt":{"rendered":"<p>[mk_page_section bg_image=&#8221;https:\/\/jupiter.artbees.net\/recel-turevleri\/wp-content\/uploads\/sites\/208\/2018\/02\/domates-salcasix01.png&#8221; bg_position=&#8221;center center&#8221; bg_repeat=&#8221;no-repeat&#8221; bg_stretch=&#8221;true&#8221; video_color_mask=&#8221;#000000&#8243; video_opacity=&#8221;0.3&#8243; min_height=&#8221;700&#8243; js_vertical_centered=&#8221;true&#8221; sidebar=&#8221;sidebar-1&#8243;][vc_column][mk_fancy_title tag_name=&#8221;h1&#8243; color=&#8221;#ffffff&#8221; size=&#8221;60&#8243; force_font_size=&#8221;true&#8221; size_phone=&#8221;50&#8243; txt_transform=&#8221;none&#8221; font_family=&#8221;none&#8221; align=&#8221;center&#8221;]Sal\u00e7a ve Soslar[\/mk_fancy_title][\/vc_column][\/mk_page_section][vc_row][vc_column][mk_padding_divider size=&#8221;100&#8243;][mk_padding_divider size=&#8221;30&#8243;][mk_woocommerce_recent_carousel per_page=&#8221;4&#8243; posts=&#8221;11535, 11537, 11538, 11536&#8243;][mk_padding_divider size=&#8221;50&#8243;][mk_divider style=&#8221;thin_solid&#8221; thin_single_color=&#8221;#595959&#8243; thickness=&#8221;2&#8243;][mk_padding_divider size=&#8221;100&#8243;][mk_padding_divider size=&#8221;100&#8243;][\/vc_column][\/vc_row]<\/p>\n","protected":false},"author":80,"featured_media":0,"parent":11,"menu_order":0,"comment_status":"closed","ping_status":"closed","template":"","meta":{"footnotes":""},"class_list":["post-11311","page","type-page","status-publish","hentry","mk-info-sticky"],"yoast_head":"<!-- This site is optimized with the Yoast SEO Premium plugin v15.7 - https:\/\/yoast.com\/wordpress\/plugins\/seo\/ -->\n<title>Sal\u00e7a ve Soslar - Re\u00e7el T\u00fcrevleri<\/title>\n<meta name=\"robots\" content=\"index, follow, max-snippet:-1, max-image-preview:large, max-video-preview:-1\" \/>\n<link rel=\"canonical\" href=\"https:\/\/jupiter.artbees.net\/recel-turevleri\/online-alisveris\/salca-ve-soslar\/\" \/>\n<meta property=\"og:locale\" content=\"en_US\" \/>\n<meta property=\"og:type\" content=\"article\" \/>\n<meta property=\"og:title\" content=\"Sal\u00e7a ve Soslar - Re\u00e7el T\u00fcrevleri\" \/>\n<meta property=\"og:description\" content=\"[mk_page_section bg_image=&#8221;https:\/\/jupiter.artbees.net\/recel-turevleri\/wp-content\/uploads\/sites\/208\/2018\/02\/domates-salcasix01.png&#8221; bg_position=&#8221;center center&#8221; bg_repeat=&#8221;no-repeat&#8221; bg_stretch=&#8221;true&#8221; video_color_mask=&#8221;#000000&#8243; video_opacity=&#8221;0.3&#8243; min_height=&#8221;700&#8243; js_vertical_centered=&#8221;true&#8221; sidebar=&#8221;sidebar-1&#8243;][vc_column][mk_fancy_title tag_name=&#8221;h1&#8243; color=&#8221;#ffffff&#8221; size=&#8221;60&#8243; force_font_size=&#8221;true&#8221; size_phone=&#8221;50&#8243; txt_transform=&#8221;none&#8221; font_family=&#8221;none&#8221; align=&#8221;center&#8221;]Sal\u00e7a ve Soslar[\/mk_fancy_title][\/vc_column][\/mk_page_section][vc_row][vc_column][mk_padding_divider size=&#8221;100&#8243;][mk_padding_divider size=&#8221;30&#8243;][mk_woocommerce_recent_carousel per_page=&#8221;4&#8243; posts=&#8221;11535, 11537, 11538, 11536&#8243;][mk_padding_divider size=&#8221;50&#8243;][mk_divider style=&#8221;thin_solid&#8221; thin_single_color=&#8221;#595959&#8243; thickness=&#8221;2&#8243;][mk_padding_divider size=&#8221;100&#8243;][mk_padding_divider size=&#8221;100&#8243;][\/vc_column][\/vc_row]\" \/>\n<meta property=\"og:url\" content=\"https:\/\/jupiter.artbees.net\/recel-turevleri\/online-alisveris\/salca-ve-soslar\/\" \/>\n<meta property=\"og:site_name\" content=\"Re\u00e7el T\u00fcrevleri\" \/>\n<meta property=\"article:modified_time\" content=\"2018-02-21T06:10:32+00:00\" \/>\n<meta name=\"twitter:card\" content=\"summary_large_image\" \/>\n<meta name=\"twitter:label1\" content=\"Est. reading time\">\n\t<meta name=\"twitter:data1\" content=\"1 minute\">\n<script type=\"application\/ld+json\" class=\"yoast-schema-graph\">{\"@context\":\"https:\/\/schema.org\",\"@graph\":[{\"@type\":\"WebSite\",\"@id\":\"https:\/\/jupiter.artbees.net\/recel-turevleri\/#website\",\"url\":\"https:\/\/jupiter.artbees.net\/recel-turevleri\/\",\"name\":\"Re\\u00e7el T\\u00fcrevleri\",\"description\":\"\",\"potentialAction\":[{\"@type\":\"SearchAction\",\"target\":\"https:\/\/jupiter.artbees.net\/recel-turevleri\/?s={search_term_string}\",\"query-input\":\"required name=search_term_string\"}],\"inLanguage\":\"en-US\"},{\"@type\":\"WebPage\",\"@id\":\"https:\/\/jupiter.artbees.net\/recel-turevleri\/online-alisveris\/salca-ve-soslar\/#webpage\",\"url\":\"https:\/\/jupiter.artbees.net\/recel-turevleri\/online-alisveris\/salca-ve-soslar\/\",\"name\":\"Sal\\u00e7a ve Soslar - Re\\u00e7el T\\u00fcrevleri\",\"isPartOf\":{\"@id\":\"https:\/\/jupiter.artbees.net\/recel-turevleri\/#website\"},\"datePublished\":\"2018-01-31T07:49:03+00:00\",\"dateModified\":\"2018-02-21T06:10:32+00:00\",\"breadcrumb\":{\"@id\":\"https:\/\/jupiter.artbees.net\/recel-turevleri\/online-alisveris\/salca-ve-soslar\/#breadcrumb\"},\"inLanguage\":\"en-US\",\"potentialAction\":[{\"@type\":\"ReadAction\",\"target\":[\"https:\/\/jupiter.artbees.net\/recel-turevleri\/online-alisveris\/salca-ve-soslar\/\"]}]},{\"@type\":\"BreadcrumbList\",\"@id\":\"https:\/\/jupiter.artbees.net\/recel-turevleri\/online-alisveris\/salca-ve-soslar\/#breadcrumb\",\"itemListElement\":[{\"@type\":\"ListItem\",\"position\":1,\"item\":{\"@type\":\"WebPage\",\"@id\":\"https:\/\/jupiter.artbees.net\/recel-turevleri\/\",\"url\":\"https:\/\/jupiter.artbees.net\/recel-turevleri\/\",\"name\":\"Home\"}},{\"@type\":\"ListItem\",\"position\":2,\"item\":{\"@type\":\"WebPage\",\"@id\":\"https:\/\/jupiter.artbees.net\/recel-turevleri\/online-alisveris\/\",\"url\":\"https:\/\/jupiter.artbees.net\/recel-turevleri\/online-alisveris\/\",\"name\":\"Online Al\\u0131\\u015fveri\\u015f\"}},{\"@type\":\"ListItem\",\"position\":3,\"item\":{\"@type\":\"WebPage\",\"@id\":\"https:\/\/jupiter.artbees.net\/recel-turevleri\/online-alisveris\/salca-ve-soslar\/\",\"url\":\"https:\/\/jupiter.artbees.net\/recel-turevleri\/online-alisveris\/salca-ve-soslar\/\",\"name\":\"Sal\\u00e7a ve Soslar\"}}]}]}<\/script>\n<!-- \/ Yoast SEO Premium plugin. -->","_links":{"self":[{"href":"https:\/\/jupiter.artbees.net\/recel-turevleri\/wp-json\/wp\/v2\/pages\/11311","targetHints":{"allow":["GET"]}}],"collection":[{"href":"https:\/\/jupiter.artbees.net\/recel-turevleri\/wp-json\/wp\/v2\/pages"}],"about":[{"href":"https:\/\/jupiter.artbees.net\/recel-turevleri\/wp-json\/wp\/v2\/types\/page"}],"author":[{"embeddable":true,"href":"https:\/\/jupiter.artbees.net\/recel-turevleri\/wp-json\/wp\/v2\/users\/80"}],"replies":[{"embeddable":true,"href":"https:\/\/jupiter.artbees.net\/recel-turevleri\/wp-json\/wp\/v2\/comments?post=11311"}],"version-history":[{"count":9,"href":"https:\/\/jupiter.artbees.net\/recel-turevleri\/wp-json\/wp\/v2\/pages\/11311\/revisions"}],"predecessor-version":[{"id":11604,"href":"https:\/\/jupiter.artbees.net\/recel-turevleri\/wp-json\/wp\/v2\/pages\/11311\/revisions\/11604"}],"up":[{"embeddable":true,"href":"https:\/\/jupiter.artbees.net\/recel-turevleri\/wp-json\/wp\/v2\/pages\/11"}],"wp:attachment":[{"href":"https:\/\/jupiter.artbees.net\/recel-turevleri\/wp-json\/wp\/v2\/media?parent=11311"}],"curies":[{"name":"wp","href":"https:\/\/api.w.org\/{rel}","templated":true}]}}