{"id":134,"date":"2018-01-12T11:21:37","date_gmt":"2018-01-12T11:21:37","guid":{"rendered":"https:\/\/demos.artbees.net\/jupiter\/recel-turevleri\/?page_id=134"},"modified":"2018-02-21T06:14:01","modified_gmt":"2018-02-21T06:14:01","slug":"iletisim","status":"publish","type":"page","link":"https:\/\/jupiter.artbees.net\/recel-turevleri\/iletisim\/","title":{"rendered":"\u0130leti\u015fim"},"content":{"rendered":"<div class=\"wpb-content-wrapper\">[mk_page_section bg_image=&#8221;https:\/\/jupiter.artbees.net\/recel-turevleri\/wp-content\/uploads\/sites\/208\/2018\/01\/iletisim-bg-01.jpg&#8221; bg_position=&#8221;center center&#8221; bg_repeat=&#8221;no-repeat&#8221; bg_stretch=&#8221;true&#8221; video_color_mask=&#8221;#000000&#8243; video_opacity=&#8221;0.3&#8243; min_height=&#8221;560&#8243; js_vertical_centered=&#8221;true&#8221; sidebar=&#8221;sidebar-1&#8243;][vc_column][mk_fancy_title tag_name=&#8221;h1&#8243; color=&#8221;#ffffff&#8221; size=&#8221;60&#8243; force_font_size=&#8221;true&#8221; size_phone=&#8221;50&#8243; txt_transform=&#8221;capitalize&#8221; font_family=&#8221;none&#8221; align=&#8221;center&#8221;]Re\u00e7el T\u00fcrevleri[\/mk_fancy_title][\/vc_column][\/mk_page_section][vc_row][vc_column width=&#8221;1\/6&#8243;][\/vc_column][vc_column width=&#8221;2\/3&#8243;][mk_padding_divider size=&#8221;100&#8243;][mk_fancy_title color=&#8221;#000000&#8243; size=&#8221;40&#8243; txt_transform=&#8221;capitalize&#8221; font_family=&#8221;none&#8221; align=&#8221;center&#8221;]Yerimize bekleriz.[\/mk_fancy_title][mk_padding_divider size=&#8221;120&#8243;][\/vc_column][vc_column width=&#8221;1\/6&#8243;][\/vc_column][\/vc_row][vc_row][vc_column width=&#8221;4\/12&#8243;][mk_fancy_title tag_name=&#8221;h3&#8243; color=&#8221;#000000&#8243; size=&#8221;22&#8243; line_height=&#8221;170&#8243; font_weight=&#8221;bold&#8221; txt_transform=&#8221;capitalize&#8221; font_family=&#8221;Noto+Sans&#8221; font_type=&#8221;google&#8221;]sosyal medya[\/mk_fancy_title][mk_fancy_title tag_name=&#8221;span&#8221; color=&#8221;#000000&#8243; size=&#8221;15&#8243; line_height=&#8221;170&#8243; font_family=&#8221;Noto+Sans&#8221; font_type=&#8221;google&#8221;]Bizi sosyal mediadan takip edebilir,<br \/>\nbirbirinden lezzetli tatlar\u0131 g\u00f6rebilirsiniz..[\/mk_fancy_title][mk_social_networks size=&#8221;large&#8221; style=&#8221;simple&#8221; margin=&#8221;5&#8243; icon_color=&#8221;#000000&#8243; icon_hover_color=&#8221;#ff6600&#8243; facebook=&#8221;https:\/\/www.facebook.com\/recel.turevleri&#8221; twitter=&#8221;https:\/\/twitter.com\/recelturevleri&#8221; instagram=&#8221;https:\/\/www.instagram.com\/recelturevleri\/&#8221;][\/vc_column][vc_column width=&#8221;8\/12&#8243;][mk_contact_form style=&#8221;corporate&#8221; button_text=&#8221;G\u00d6NDER&#8221; button_color=&#8221;#ff6600&#8243;][\/vc_column][\/vc_row][vc_row][vc_column][mk_padding_divider size=&#8221;100&#8243;][\/vc_column][\/vc_row][vc_row][vc_column][mk_advanced_gmaps latitude=&#8221; 41.044002&#8243; longitude=&#8221;29.002332&#8243; address=&#8221;RE\u00c7EL T\u00dcREVLER\u0130 S\u0130NANPA\u015eA MAH. \u015eA\u0130R VEYS\u0130 SOK. NO:31\/1 BE\u015e\u0130KTA\u015e \u0130STANBUL&#8221; latitude_2=&#8221;41.031041&#8243; longitude_2=&#8221;28.982497&#8243; address_2=&#8221;RE\u00c7EL T\u00dcREVLER\u0130 F\u0130RUZA\u011eA MAH. DEFTERDAR SOK. NO:57\/A C\u0130HANG\u0130R BEYO\u011eLU \u0130STANBUL&#8221; height=&#8221;600&#8243; modify_json=&#8221;true&#8221; map_json=&#8221;JTVCJTBBJTIwJTIwJTIwJTIwJTdCJTBBJTIwJTIwJTIwJTIwJTIwJTIwJTIwJTIwJTIyZmVhdHVyZVR5cGUlMjIlM0ElMjAlMjJhZG1pbmlzdHJhdGl2ZS5jb3VudHJ5JTIyJTJDJTBBJTIwJTIwJTIwJTIwJTIwJTIwJTIwJTIwJTIyZWxlbWVudFR5cGUlMjIlM0ElMjAlMjJnZW9tZXRyeSUyMiUyQyUwQSUyMCUyMCUyMCUyMCUyMCUyMCUyMCUyMCUyMnN0eWxlcnMlMjIlM0ElMjAlNUIlMEElMjAlMjAlMjAlMjAlMjAlMjAlMjAlMjAlMjAlMjAlMjAlMjAlN0IlMEElMjAlMjAlMjAlMjAlMjAlMjAlMjAlMjAlMjAlMjAlMjAlMjAlMjAlMjAlMjAlMjAlMjJ2aXNpYmlsaXR5JTIyJTNBJTIwJTIyc2ltcGxpZmllZCUyMiUwQSUyMCUyMCUyMCUyMCUyMCUyMCUyMCUyMCUyMCUyMCUyMCUyMCU3RCUyQyUwQSUyMCUyMCUyMCUyMCUyMCUyMCUyMCUyMCUyMCUyMCUyMCUyMCU3QiUwQSUyMCUyMCUyMCUyMCUyMCUyMCUyMCUyMCUyMCUyMCUyMCUyMCUyMCUyMCUyMCUyMCUyMmh1ZSUyMiUzQSUyMCUyMiUyM2ZmMDAwMCUyMiUwQSUyMCUyMCUyMCUyMCUyMCUyMCUyMCUyMCUyMCUyMCUyMCUyMCU3RCUwQSUyMCUyMCUyMCUyMCUyMCUyMCUyMCUyMCU1RCUwQSUyMCUyMCUyMCUyMCU3RCUwQSU1RA==&#8221;][\/vc_column][\/vc_row][vc_row][vc_column][mk_padding_divider size=&#8221;100&#8243;][\/vc_column][\/vc_row][vc_row fullwidth=&#8221;true&#8221; fullwidth_content=&#8221;false&#8221; css=&#8221;.vc_custom_1515742361709{background-color: #ebebeb !important;}&#8221;][vc_column][mk_padding_divider size=&#8221;50&#8243;][mk_social_networks size=&#8221;medium&#8221; style=&#8221;simple&#8221; margin=&#8221;8&#8243; icon_color=&#8221;#333333&#8243; icon_hover_color=&#8221;#ff6600&#8243; align=&#8221;center&#8221; facebook=&#8221;https:\/\/www.facebook.com\/recel.turevleri&#8221; twitter=&#8221;https:\/\/twitter.com\/recelturevleri&#8221; instagram=&#8221;https:\/\/www.instagram.com\/recelturevleri\/&#8221;][mk_divider style=&#8221;thin_solid&#8221; thin_single_color=&#8221;#595959&#8243; thickness=&#8221;2&#8243; margin_top=&#8221;0&#8243; margin_bottom=&#8221;0&#8243;][\/vc_column][\/vc_row]\n<\/div>","protected":false},"excerpt":{"rendered":"<p>[mk_page_section bg_image=&#8221;https:\/\/jupiter.artbees.net\/recel-turevleri\/wp-content\/uploads\/sites\/208\/2018\/01\/iletisim-bg-01.jpg&#8221; bg_position=&#8221;center center&#8221; bg_repeat=&#8221;no-repeat&#8221; bg_stretch=&#8221;true&#8221; video_color_mask=&#8221;#000000&#8243; video_opacity=&#8221;0.3&#8243; min_height=&#8221;560&#8243; js_vertical_centered=&#8221;true&#8221; sidebar=&#8221;sidebar-1&#8243;][vc_column][mk_fancy_title tag_name=&#8221;h1&#8243; color=&#8221;#ffffff&#8221; size=&#8221;60&#8243; force_font_size=&#8221;true&#8221; size_phone=&#8221;50&#8243; txt_transform=&#8221;capitalize&#8221; font_family=&#8221;none&#8221; align=&#8221;center&#8221;]Re\u00e7el T\u00fcrevleri[\/mk_fancy_title][\/vc_column][\/mk_page_section][vc_row][vc_column width=&#8221;1\/6&#8243;][\/vc_column][vc_column width=&#8221;2\/3&#8243;][mk_padding_divider size=&#8221;100&#8243;][mk_fancy_title color=&#8221;#000000&#8243; size=&#8221;40&#8243; txt_transform=&#8221;capitalize&#8221; font_family=&#8221;none&#8221; align=&#8221;center&#8221;]Yerimize bekleriz.[\/mk_fancy_title][mk_padding_divider size=&#8221;120&#8243;][\/vc_column][vc_column width=&#8221;1\/6&#8243;][\/vc_column][\/vc_row][vc_row][vc_column width=&#8221;4\/12&#8243;][mk_fancy_title tag_name=&#8221;h3&#8243; color=&#8221;#000000&#8243; size=&#8221;22&#8243; line_height=&#8221;170&#8243; font_weight=&#8221;bold&#8221; txt_transform=&#8221;capitalize&#8221; font_family=&#8221;Noto+Sans&#8221; font_type=&#8221;google&#8221;]sosyal medya[\/mk_fancy_title][mk_fancy_title tag_name=&#8221;span&#8221; color=&#8221;#000000&#8243; size=&#8221;15&#8243; line_height=&#8221;170&#8243; font_family=&#8221;Noto+Sans&#8221; font_type=&#8221;google&#8221;]Bizi sosyal mediadan takip edebilir, birbirinden lezzetli tatlar\u0131 g\u00f6rebilirsiniz..[\/mk_fancy_title][mk_social_networks [&hellip;]<\/p>\n","protected":false},"author":80,"featured_media":0,"parent":0,"menu_order":0,"comment_status":"closed","ping_status":"closed","template":"","meta":{"footnotes":""},"class_list":["post-134","page","type-page","status-publish","hentry","mk-info-sticky"],"yoast_head":"<!-- This site is optimized with the Yoast SEO Premium plugin v15.7 - https:\/\/yoast.com\/wordpress\/plugins\/seo\/ -->\n<title>\u0130leti\u015fim - Re\u00e7el T\u00fcrevleri<\/title>\n<meta name=\"robots\" content=\"index, follow, max-snippet:-1, max-image-preview:large, max-video-preview:-1\" \/>\n<link rel=\"canonical\" href=\"https:\/\/jupiter.artbees.net\/recel-turevleri\/iletisim\/\" \/>\n<meta property=\"og:locale\" content=\"en_US\" \/>\n<meta property=\"og:type\" content=\"article\" \/>\n<meta property=\"og:title\" content=\"\u0130leti\u015fim - Re\u00e7el T\u00fcrevleri\" \/>\n<meta property=\"og:description\" content=\"[mk_page_section bg_image=&#8221;https:\/\/jupiter.artbees.net\/recel-turevleri\/wp-content\/uploads\/sites\/208\/2018\/01\/iletisim-bg-01.jpg&#8221; bg_position=&#8221;center center&#8221; bg_repeat=&#8221;no-repeat&#8221; bg_stretch=&#8221;true&#8221; video_color_mask=&#8221;#000000&#8243; video_opacity=&#8221;0.3&#8243; min_height=&#8221;560&#8243; js_vertical_centered=&#8221;true&#8221; sidebar=&#8221;sidebar-1&#8243;][vc_column][mk_fancy_title tag_name=&#8221;h1&#8243; color=&#8221;#ffffff&#8221; size=&#8221;60&#8243; force_font_size=&#8221;true&#8221; size_phone=&#8221;50&#8243; txt_transform=&#8221;capitalize&#8221; font_family=&#8221;none&#8221; align=&#8221;center&#8221;]Re\u00e7el T\u00fcrevleri[\/mk_fancy_title][\/vc_column][\/mk_page_section][vc_row][vc_column width=&#8221;1\/6&#8243;][\/vc_column][vc_column width=&#8221;2\/3&#8243;][mk_padding_divider size=&#8221;100&#8243;][mk_fancy_title color=&#8221;#000000&#8243; size=&#8221;40&#8243; txt_transform=&#8221;capitalize&#8221; font_family=&#8221;none&#8221; align=&#8221;center&#8221;]Yerimize bekleriz.[\/mk_fancy_title][mk_padding_divider size=&#8221;120&#8243;][\/vc_column][vc_column width=&#8221;1\/6&#8243;][\/vc_column][\/vc_row][vc_row][vc_column width=&#8221;4\/12&#8243;][mk_fancy_title tag_name=&#8221;h3&#8243; color=&#8221;#000000&#8243; size=&#8221;22&#8243; line_height=&#8221;170&#8243; font_weight=&#8221;bold&#8221; txt_transform=&#8221;capitalize&#8221; font_family=&#8221;Noto+Sans&#8221; font_type=&#8221;google&#8221;]sosyal medya[\/mk_fancy_title][mk_fancy_title tag_name=&#8221;span&#8221; color=&#8221;#000000&#8243; size=&#8221;15&#8243; line_height=&#8221;170&#8243; font_family=&#8221;Noto+Sans&#8221; font_type=&#8221;google&#8221;]Bizi sosyal mediadan takip edebilir, birbirinden lezzetli tatlar\u0131 g\u00f6rebilirsiniz..[\/mk_fancy_title][mk_social_networks [&hellip;]\" \/>\n<meta property=\"og:url\" content=\"https:\/\/jupiter.artbees.net\/recel-turevleri\/iletisim\/\" \/>\n<meta property=\"og:site_name\" content=\"Re\u00e7el T\u00fcrevleri\" \/>\n<meta property=\"article:modified_time\" content=\"2018-02-21T06:14:01+00:00\" \/>\n<meta name=\"twitter:card\" content=\"summary_large_image\" \/>\n<meta name=\"twitter:label1\" content=\"Est. reading time\">\n\t<meta name=\"twitter:data1\" content=\"2 minutes\">\n<script type=\"application\/ld+json\" class=\"yoast-schema-graph\">{\"@context\":\"https:\/\/schema.org\",\"@graph\":[{\"@type\":\"WebSite\",\"@id\":\"https:\/\/jupiter.artbees.net\/recel-turevleri\/#website\",\"url\":\"https:\/\/jupiter.artbees.net\/recel-turevleri\/\",\"name\":\"Re\\u00e7el T\\u00fcrevleri\",\"description\":\"\",\"potentialAction\":[{\"@type\":\"SearchAction\",\"target\":\"https:\/\/jupiter.artbees.net\/recel-turevleri\/?s={search_term_string}\",\"query-input\":\"required name=search_term_string\"}],\"inLanguage\":\"en-US\"},{\"@type\":\"WebPage\",\"@id\":\"https:\/\/jupiter.artbees.net\/recel-turevleri\/iletisim\/#webpage\",\"url\":\"https:\/\/jupiter.artbees.net\/recel-turevleri\/iletisim\/\",\"name\":\"\\u0130leti\\u015fim - Re\\u00e7el T\\u00fcrevleri\",\"isPartOf\":{\"@id\":\"https:\/\/jupiter.artbees.net\/recel-turevleri\/#website\"},\"datePublished\":\"2018-01-12T11:21:37+00:00\",\"dateModified\":\"2018-02-21T06:14:01+00:00\",\"breadcrumb\":{\"@id\":\"https:\/\/jupiter.artbees.net\/recel-turevleri\/iletisim\/#breadcrumb\"},\"inLanguage\":\"en-US\",\"potentialAction\":[{\"@type\":\"ReadAction\",\"target\":[\"https:\/\/jupiter.artbees.net\/recel-turevleri\/iletisim\/\"]}]},{\"@type\":\"BreadcrumbList\",\"@id\":\"https:\/\/jupiter.artbees.net\/recel-turevleri\/iletisim\/#breadcrumb\",\"itemListElement\":[{\"@type\":\"ListItem\",\"position\":1,\"item\":{\"@type\":\"WebPage\",\"@id\":\"https:\/\/jupiter.artbees.net\/recel-turevleri\/\",\"url\":\"https:\/\/jupiter.artbees.net\/recel-turevleri\/\",\"name\":\"Home\"}},{\"@type\":\"ListItem\",\"position\":2,\"item\":{\"@type\":\"WebPage\",\"@id\":\"https:\/\/jupiter.artbees.net\/recel-turevleri\/iletisim\/\",\"url\":\"https:\/\/jupiter.artbees.net\/recel-turevleri\/iletisim\/\",\"name\":\"\\u0130leti\\u015fim\"}}]}]}<\/script>\n<!-- \/ Yoast SEO Premium plugin. -->","_links":{"self":[{"href":"https:\/\/jupiter.artbees.net\/recel-turevleri\/wp-json\/wp\/v2\/pages\/134","targetHints":{"allow":["GET"]}}],"collection":[{"href":"https:\/\/jupiter.artbees.net\/recel-turevleri\/wp-json\/wp\/v2\/pages"}],"about":[{"href":"https:\/\/jupiter.artbees.net\/recel-turevleri\/wp-json\/wp\/v2\/types\/page"}],"author":[{"embeddable":true,"href":"https:\/\/jupiter.artbees.net\/recel-turevleri\/wp-json\/wp\/v2\/users\/80"}],"replies":[{"embeddable":true,"href":"https:\/\/jupiter.artbees.net\/recel-turevleri\/wp-json\/wp\/v2\/comments?post=134"}],"version-history":[{"count":18,"href":"https:\/\/jupiter.artbees.net\/recel-turevleri\/wp-json\/wp\/v2\/pages\/134\/revisions"}],"predecessor-version":[{"id":207,"href":"https:\/\/jupiter.artbees.net\/recel-turevleri\/wp-json\/wp\/v2\/pages\/134\/revisions\/207"}],"wp:attachment":[{"href":"https:\/\/jupiter.artbees.net\/recel-turevleri\/wp-json\/wp\/v2\/media?parent=134"}],"curies":[{"name":"wp","href":"https:\/\/api.w.org\/{rel}","templated":true}]}}