{"id":5,"date":"2018-01-11T06:33:56","date_gmt":"2018-01-11T06:33:56","guid":{"rendered":"https:\/\/demos.artbees.net\/jupiter\/recel-turevleri\/?page_id=5"},"modified":"2018-02-14T09:21:35","modified_gmt":"2018-02-14T09:21:35","slug":"home","status":"publish","type":"page","link":"https:\/\/jupiter.artbees.net\/recel-turevleri\/","title":{"rendered":"Re\u00e7el T\u00fcrevleri"},"content":{"rendered":"<div class=\"wpb-content-wrapper\">[vc_row fullwidth=&#8221;true&#8221;][vc_column][mk_edge_slider first_el=&#8221;true&#8221; full_height=&#8221;false&#8221; height=&#8221;640&#8243; direction_nav=&#8221;thumbflip&#8221; skip_arrow=&#8221;false&#8221;][\/vc_column][\/vc_row][vc_row][vc_column][mk_padding_divider size=&#8221;120&#8243;][\/vc_column][\/vc_row][vc_row][vc_column width=&#8221;5\/12&#8243;][mk_padding_divider size=&#8221;50&#8243; visibility=&#8221;hidden-tl&#8221;][mk_fancy_title color=&#8221;#000000&#8243; size=&#8221;16&#8243; font_weight=&#8221;bold&#8221; txt_transform=&#8221;uppercase&#8221; letter_spacing=&#8221;5&#8243; font_family=&#8221;Noto+Sans&#8221; font_type=&#8221;google&#8221; align=&#8221;center&#8221;]H\u0130KAYEM\u0130Z[\/mk_fancy_title][mk_fancy_title color=&#8221;#000000&#8243; size=&#8221;40&#8243; font_weight=&#8221;400&#8243; txt_transform=&#8221;capitalize&#8221; font_family=&#8221;none&#8221; align=&#8221;center&#8221;]re\u00e7el t\u00fcrevleri[\/mk_fancy_title][mk_image src=&#8221;https:\/\/jupiter.artbees.net\/recel-turevleri\/wp-content\/uploads\/sites\/208\/2018\/01\/dot.icon_.png&#8221; image_size=&#8221;full&#8221; align=&#8221;center&#8221; margin_bottom=&#8221;20&#8243;][mk_fancy_title tag_name=&#8221;span&#8221; color=&#8221;#666666&#8243; size=&#8221;15&#8243; txt_transform=&#8221;none&#8221; font_family=&#8221;Noto+Sans&#8221; font_type=&#8221;google&#8221; align=&#8221;center&#8221;]Re\u00e7el T\u00fcrevleri 2009 senesinde T\u00fcrev Uluda\u011f taraf\u0131ndan kurulan Re\u00e7el T\u00fcrevleri Be\u015fikta\u015f ve Re\u00e7el T\u00fcrevleri Cihangir i\u015fletmelerinin dinamosu olarak Adana\u2019n\u0131n Pozant\u0131 il\u00e7esinde \u201cAnne \u015eefkatiyle\u201d re\u00e7el \u00fcretmektedirler. [\/mk_fancy_title][mk_fancy_title color=&#8221;#000000&#8243; size=&#8221;16&#8243; font_weight=&#8221;bold&#8221; txt_transform=&#8221;uppercase&#8221; font_family=&#8221;Noto+Sans&#8221; font_type=&#8221;google&#8221; align=&#8221;center&#8221;]<a href=\"https:\/\/jupiter.artbees.net\/recel-turevleri\/hakkimizda\/\"><strong>Devam\u0131 \u2192<\/strong><\/a>[\/mk_fancy_title][\/vc_column][vc_column width=&#8221;1\/12&#8243;][\/vc_column][vc_column width=&#8221;6\/12&#8243;][mk_image src=&#8221;https:\/\/jupiter.artbees.net\/recel-turevleri\/wp-content\/uploads\/sites\/208\/2018\/01\/ana-sayfa-bg-01-1.jpg&#8221; image_size=&#8221;full&#8221;][\/vc_column][\/vc_row][vc_row][vc_column][mk_padding_divider size=&#8221;120&#8243;][\/vc_column][\/vc_row][mk_page_section bg_image=&#8221;https:\/\/jupiter.artbees.net\/recel-turevleri\/wp-content\/uploads\/sites\/208\/2018\/01\/ana-sayfa-bg-02-1.jpg&#8221; bg_position=&#8221;center center&#8221; bg_repeat=&#8221;no-repeat&#8221; bg_stretch=&#8221;true&#8221; video_color_mask=&#8221;#000000&#8243; video_opacity=&#8221;0.3&#8243; min_height=&#8221;930&#8243; js_vertical_centered=&#8221;true&#8221; padding_top=&#8221;60&#8243; padding_bottom=&#8221;60&#8243; sidebar=&#8221;sidebar-1&#8243;][vc_column][vc_row_inner][vc_column_inner width=&#8221;1\/6&#8243;][\/vc_column_inner][vc_column_inner width=&#8221;2\/3&#8243;][mk_fancy_title color=&#8221;#ffffff&#8221; size=&#8221;16&#8243; font_weight=&#8221;bold&#8221; txt_transform=&#8221;uppercase&#8221; letter_spacing=&#8221;5&#8243; font_family=&#8221;Noto+Sans&#8221; font_type=&#8221;google&#8221; align=&#8221;center&#8221;]\u00c7UKUROVA&#8217;NIN VER\u0130ML\u0130 TOPRAKLARINDA DO\u011eAL Y\u00d6NTEMLERLE YET\u0130\u015eT\u0130R\u0130LEN SEBZE VE MEYVELER &#8230;[\/mk_fancy_title][mk_fancy_title color=&#8221;#ffffff&#8221; size=&#8221;60&#8243; force_font_size=&#8221;true&#8221; size_phone=&#8221;50&#8243; font_weight=&#8221;400&#8243; txt_transform=&#8221;capitalize&#8221; font_family=&#8221;none&#8221; align=&#8221;center&#8221;]Yemedi\u011fimizi yedirmeyiz.[\/mk_fancy_title][mk_fancy_title tag_name=&#8221;span&#8221; color=&#8221;#ffffff&#8221; size=&#8221;40&#8243; force_font_size=&#8221;true&#8221; size_phone=&#8221;50&#8243; font_weight=&#8221;100&#8243; txt_transform=&#8221;none&#8221; font_family=&#8221;none&#8221; align=&#8221;center&#8221;]\u0130yi kahvalt\u0131 ve re\u00e7el i\u00e7in \u00f6ncelikle iyi \u00fcr\u00fcn tedarik edilmelidir.[\/mk_fancy_title][mk_image src=&#8221;https:\/\/jupiter.artbees.net\/recel-turevleri\/wp-content\/uploads\/sites\/208\/2018\/01\/dot.icon_.png&#8221; image_size=&#8221;full&#8221; align=&#8221;center&#8221; margin_bottom=&#8221;20&#8243;][mk_fancy_title tag_name=&#8221;span&#8221; color=&#8221;#ffffff&#8221; size=&#8221;15&#8243; txt_transform=&#8221;none&#8221; margin_bottom=&#8221;30&#8243; font_family=&#8221;Noto+Sans&#8221; font_type=&#8221;google&#8221; align=&#8221;center&#8221;]Kahvalt\u0131 da kullan\u0131lan \u00fcr\u00fcnleri direk \u00fcreticilerden tedarik ediyoruz, kayma\u011f\u0131 \u00c7atalca\u2019dan g\u00fcnl\u00fck manda kayma\u011f\u0131, \u00c7anakkale\u2019 den Ezine peyniri, Kars\u2019 tan eski ka\u015far\u0131, Gemlik\u2019 ten zeytinlerini, Toroslardan bal\u0131n\u0131, re\u00e7el, kekik, sal\u00e7a, nane, sumak \u00fcr\u00fcnlerini ise &#8220;Anne \u015eefkatiyle&#8221; \u00fcretiyoruz. [\/mk_fancy_title][\/vc_column_inner][vc_column_inner width=&#8221;1\/6&#8243;][\/vc_column_inner][\/vc_row_inner][mk_steps step=&#8221;3&#8243; icon_1=&#8221;mk-moon-search-5&#8243; title_1=&#8221;\u015eEFFAF \u00dcRET\u0130M&#8221; icon_2=&#8221;mk-moon-gift-2&#8243; title_2=&#8221;DO\u011eRU VE HIZLI SERV\u0130S&#8221; icon_3=&#8221;mk-icon-cutlery&#8221; title_3=&#8221;LEZZETLi \u00dcR\u00dcNLER&#8221;][\/vc_column][\/mk_page_section][vc_row][vc_column][mk_padding_divider size=&#8221;120&#8243;][\/vc_column][\/vc_row][mk_page_section bg_image=&#8221;https:\/\/jupiter.artbees.net\/recel-turevleri\/wp-content\/uploads\/sites\/208\/2018\/01\/ana-sayfa-bg-03-1.jpg&#8221; bg_position=&#8221;center center&#8221; bg_repeat=&#8221;no-repeat&#8221; bg_stretch=&#8221;true&#8221; min_height=&#8221;1060&#8243; js_vertical_centered=&#8221;true&#8221; padding_top=&#8221;20&#8243; padding_bottom=&#8221;20&#8243; sidebar=&#8221;sidebar-1&#8243;][vc_column][vc_row_inner][vc_column_inner width=&#8221;1\/4&#8243;][\/vc_column_inner][vc_column_inner width=&#8221;1\/2&#8243;][mk_fancy_title color=&#8221;#000000&#8243; size=&#8221;16&#8243; font_weight=&#8221;bold&#8221; txt_transform=&#8221;uppercase&#8221; letter_spacing=&#8221;5&#8243; font_family=&#8221;Noto+Sans&#8221; font_type=&#8221;google&#8221; align=&#8221;center&#8221;]ADANA\u2019NIN POZANTI \u0130L\u00c7ES\u0130NDE\u00a0 \u00a0\u2018ANNE \u015eEFKAT\u0130YLE\u2019 \u00dcRET\u0130LMEKTED\u0130R.[\/mk_fancy_title][\/vc_column_inner][vc_column_inner width=&#8221;1\/4&#8243;][\/vc_column_inner][\/vc_row_inner][vc_row_inner][vc_column_inner width=&#8221;1\/6&#8243;][\/vc_column_inner][vc_column_inner width=&#8221;2\/3&#8243;][mk_fancy_title color=&#8221;#000000&#8243; size=&#8221;60&#8243; force_font_size=&#8221;true&#8221; size_phone=&#8221;40&#8243; font_weight=&#8221;400&#8243; txt_transform=&#8221;capitalize&#8221; font_family=&#8221;none&#8221; align=&#8221;center&#8221;]Re\u00e7ellerimizden baz\u0131lar\u0131[\/mk_fancy_title][mk_image src=&#8221;https:\/\/jupiter.artbees.net\/recel-turevleri\/wp-content\/uploads\/sites\/208\/2018\/01\/dot.icon_.png&#8221; image_size=&#8221;full&#8221; align=&#8221;center&#8221; margin_bottom=&#8221;20&#8243;][\/vc_column_inner][vc_column_inner width=&#8221;1\/6&#8243;][\/vc_column_inner][\/vc_row_inner][mk_padding_divider size=&#8221;50&#8243;][vc_row_inner][vc_column_inner width=&#8221;5\/12&#8243;][mk_fancy_title color=&#8221;#000000&#8243; size=&#8221;20&#8243; font_weight=&#8221;bold&#8221; txt_transform=&#8221;capitalize&#8221; margin_bottom=&#8221;0&#8243; font_family=&#8221;Noto+Sans&#8221; font_type=&#8221;google&#8221;]ac\u0131 biber re\u00e7eli[\/mk_fancy_title][mk_divider style=&#8221;thin_solid&#8221; thin_single_color=&#8221;#a5a5a5&#8243; margin_top=&#8221;10&#8243;][mk_fancy_title color=&#8221;#000000&#8243; size=&#8221;20&#8243; font_weight=&#8221;bold&#8221; txt_transform=&#8221;capitalize&#8221; margin_bottom=&#8221;0&#8243; font_family=&#8221;Noto+Sans&#8221; font_type=&#8221;google&#8221;]al\u0131\u00e7 re\u00e7eli[\/mk_fancy_title][mk_divider style=&#8221;thin_solid&#8221; thin_single_color=&#8221;#a5a5a5&#8243; margin_top=&#8221;10&#8243;][mk_fancy_title color=&#8221;#000000&#8243; size=&#8221;20&#8243; font_weight=&#8221;bold&#8221; txt_transform=&#8221;capitalize&#8221; margin_bottom=&#8221;0&#8243; font_family=&#8221;Noto+Sans&#8221; font_type=&#8221;google&#8221;]ayva re\u00e7eli[\/mk_fancy_title][mk_divider style=&#8221;thin_solid&#8221; thin_single_color=&#8221;#a5a5a5&#8243; margin_top=&#8221;10&#8243;][mk_fancy_title color=&#8221;#000000&#8243; size=&#8221;20&#8243; font_weight=&#8221;bold&#8221; txt_transform=&#8221;capitalize&#8221; margin_bottom=&#8221;0&#8243; font_family=&#8221;Noto+Sans&#8221; font_type=&#8221;google&#8221;]beyaz kiraz re\u00e7eli[\/mk_fancy_title][mk_divider style=&#8221;thin_solid&#8221; thin_single_color=&#8221;#a5a5a5&#8243; margin_top=&#8221;10&#8243;][mk_fancy_title color=&#8221;#000000&#8243; size=&#8221;20&#8243; font_weight=&#8221;bold&#8221; txt_transform=&#8221;capitalize&#8221; margin_bottom=&#8221;0&#8243; font_family=&#8221;Noto+Sans&#8221; font_type=&#8221;google&#8221;]b\u00f6\u011f\u00fcrtlen re\u00e7eli[\/mk_fancy_title][mk_divider style=&#8221;thin_solid&#8221; thin_single_color=&#8221;#a5a5a5&#8243; margin_top=&#8221;10&#8243;][mk_fancy_title color=&#8221;#000000&#8243; size=&#8221;20&#8243; font_weight=&#8221;bold&#8221; txt_transform=&#8221;capitalize&#8221; margin_bottom=&#8221;0&#8243; font_family=&#8221;Noto+Sans&#8221; font_type=&#8221;google&#8221;]ceviz re\u00e7eli[\/mk_fancy_title][mk_divider style=&#8221;thin_solid&#8221; thin_single_color=&#8221;#a5a5a5&#8243; margin_top=&#8221;10&#8243;][mk_fancy_title color=&#8221;#000000&#8243; size=&#8221;20&#8243; font_weight=&#8221;bold&#8221; txt_transform=&#8221;capitalize&#8221; margin_bottom=&#8221;0&#8243; font_family=&#8221;Noto+Sans&#8221; font_type=&#8221;google&#8221;]\u00e7ekirdeksiz \u00fcz\u00fcm re\u00e7eli[\/mk_fancy_title][mk_divider style=&#8221;thin_solid&#8221; thin_single_color=&#8221;#a5a5a5&#8243; margin_top=&#8221;10&#8243;][mk_fancy_title color=&#8221;#000000&#8243; size=&#8221;20&#8243; font_weight=&#8221;bold&#8221; txt_transform=&#8221;capitalize&#8221; margin_bottom=&#8221;0&#8243; font_family=&#8221;Noto+Sans&#8221; font_type=&#8221;google&#8221;]\u00e7ilek re\u00e7eli[\/mk_fancy_title][mk_divider style=&#8221;thin_solid&#8221; thin_single_color=&#8221;#a5a5a5&#8243; margin_top=&#8221;10&#8243;][\/vc_column_inner][vc_column_inner width=&#8221;2\/12&#8243;][\/vc_column_inner][vc_column_inner width=&#8221;5\/12&#8243;][mk_fancy_title color=&#8221;#000000&#8243; size=&#8221;20&#8243; font_weight=&#8221;bold&#8221; txt_transform=&#8221;capitalize&#8221; margin_bottom=&#8221;0&#8243; font_family=&#8221;Noto+Sans&#8221; font_type=&#8221;google&#8221;]domates re\u00e7eli[\/mk_fancy_title][mk_divider style=&#8221;thin_solid&#8221; thin_single_color=&#8221;#a5a5a5&#8243; margin_top=&#8221;10&#8243;][mk_fancy_title color=&#8221;#000000&#8243; size=&#8221;20&#8243; font_weight=&#8221;bold&#8221; txt_transform=&#8221;capitalize&#8221; margin_bottom=&#8221;0&#8243; font_family=&#8221;Noto+Sans&#8221; font_type=&#8221;google&#8221;]elma re\u00e7eli[\/mk_fancy_title][mk_divider style=&#8221;thin_solid&#8221; thin_single_color=&#8221;#a5a5a5&#8243; margin_top=&#8221;10&#8243;][mk_fancy_title color=&#8221;#000000&#8243; size=&#8221;20&#8243; font_weight=&#8221;bold&#8221; txt_transform=&#8221;capitalize&#8221; margin_bottom=&#8221;0&#8243; font_family=&#8221;Noto+Sans&#8221; font_type=&#8221;google&#8221;]patates re\u00e7eli[\/mk_fancy_title][mk_divider style=&#8221;thin_solid&#8221; thin_single_color=&#8221;#a5a5a5&#8243; margin_top=&#8221;10&#8243;][mk_fancy_title color=&#8221;#000000&#8243; size=&#8221;20&#8243; font_weight=&#8221;bold&#8221; txt_transform=&#8221;capitalize&#8221; margin_bottom=&#8221;0&#8243; font_family=&#8221;Noto+Sans&#8221; font_type=&#8221;google&#8221;]erik re\u00e7eli[\/mk_fancy_title][mk_divider style=&#8221;thin_solid&#8221; thin_single_color=&#8221;#a5a5a5&#8243; margin_top=&#8221;10&#8243;][mk_fancy_title color=&#8221;#000000&#8243; size=&#8221;20&#8243; font_weight=&#8221;bold&#8221; txt_transform=&#8221;capitalize&#8221; margin_bottom=&#8221;0&#8243; font_family=&#8221;Noto+Sans&#8221; font_type=&#8221;google&#8221;]greyfurt re\u00e7eli[\/mk_fancy_title][mk_divider style=&#8221;thin_solid&#8221; thin_single_color=&#8221;#a5a5a5&#8243; margin_top=&#8221;10&#8243;][mk_fancy_title color=&#8221;#000000&#8243; size=&#8221;20&#8243; font_weight=&#8221;bold&#8221; txt_transform=&#8221;capitalize&#8221; margin_bottom=&#8221;0&#8243; font_family=&#8221;Noto+Sans&#8221; font_type=&#8221;google&#8221;]g\u00fcl re\u00e7eli[\/mk_fancy_title][mk_divider style=&#8221;thin_solid&#8221; thin_single_color=&#8221;#a5a5a5&#8243; margin_top=&#8221;10&#8243;][mk_fancy_title color=&#8221;#000000&#8243; size=&#8221;20&#8243; font_weight=&#8221;bold&#8221; txt_transform=&#8221;capitalize&#8221; margin_bottom=&#8221;0&#8243; font_family=&#8221;Noto+Sans&#8221; font_type=&#8221;google&#8221;]havu\u00e7 re\u00e7eli[\/mk_fancy_title][mk_divider style=&#8221;thin_solid&#8221; thin_single_color=&#8221;#a5a5a5&#8243; margin_top=&#8221;10&#8243;][mk_fancy_title color=&#8221;#000000&#8243; size=&#8221;20&#8243; font_weight=&#8221;bold&#8221; txt_transform=&#8221;capitalize&#8221; margin_bottom=&#8221;0&#8243; font_family=&#8221;Noto+Sans&#8221; font_type=&#8221;google&#8221;]hurma re\u00e7eli[\/mk_fancy_title][mk_divider style=&#8221;thin_solid&#8221; thin_single_color=&#8221;#a5a5a5&#8243; margin_top=&#8221;10&#8243;][\/vc_column_inner][\/vc_row_inner][mk_padding_divider size=&#8221;60&#8243;][mk_button dimension=&#8221;flat&#8221; corner_style=&#8221;rounded&#8221; size=&#8221;large&#8221; icon=&#8221;mk-icon-arrow-right&#8221; url=&#8221;https:\/\/jupiter.artbees.net\/recel-turevleri\/online-alisveris\/&#8221; align=&#8221;center&#8221;]T\u00dcM RE\u00c7ELLER\u0130M\u0130Z[\/mk_button][\/vc_column][\/mk_page_section][vc_row][vc_column][mk_padding_divider size=&#8221;120&#8243;][\/vc_column][\/vc_row][mk_page_section bg_image=&#8221;https:\/\/jupiter.artbees.net\/recel-turevleri\/wp-content\/uploads\/sites\/208\/2018\/01\/ana-sayfa-bg-04-1.jpg&#8221; bg_position=&#8221;center center&#8221; bg_repeat=&#8221;no-repeat&#8221; bg_stretch=&#8221;true&#8221; enable_3d=&#8221;true&#8221; video_color_mask=&#8221;#000000&#8243; video_opacity=&#8221;0.3&#8243; min_height=&#8221;550&#8243; js_vertical_centered=&#8221;true&#8221; sidebar=&#8221;sidebar-1&#8243;][vc_column width=&#8221;1\/12&#8243;][\/vc_column][vc_column width=&#8221;10\/12&#8243;][mk_fancy_title color=&#8221;#ffffff&#8221; size=&#8221;16&#8243; font_weight=&#8221;bold&#8221; txt_transform=&#8221;uppercase&#8221; letter_spacing=&#8221;5&#8243; font_family=&#8221;Noto+Sans&#8221; font_type=&#8221;google&#8221; align=&#8221;center&#8221;]\u00dcRET\u0130M %100 KADIN[\/mk_fancy_title][mk_fancy_title color=&#8221;#ffffff&#8221; size=&#8221;60&#8243; force_font_size=&#8221;true&#8221; size_phone=&#8221;40&#8243; font_weight=&#8221;400&#8243; txt_transform=&#8221;none&#8221; font_family=&#8221;none&#8221; align=&#8221;center&#8221;]Bizde \u201cSeni Seviyorum\u201d denmez;\u00a0<strong>Re\u00e7el<\/strong> hediye edilir.[\/mk_fancy_title][mk_image src=&#8221;https:\/\/jupiter.artbees.net\/recel-turevleri\/wp-content\/uploads\/sites\/208\/2018\/01\/dot-icon-white.png&#8221; image_size=&#8221;full&#8221; align=&#8221;center&#8221; margin_bottom=&#8221;30&#8243;][mk_fancy_title tag_name=&#8221;span&#8221; color=&#8221;#ffffff&#8221; size=&#8221;15&#8243; txt_transform=&#8221;none&#8221; margin_bottom=&#8221;30&#8243; font_family=&#8221;Noto+Sans&#8221; font_type=&#8221;google&#8221; align=&#8221;center&#8221;]Re\u00e7el T\u00fcrevleri\u2019 nde bir meyve ya da sebze dal\u0131ndan toplan\u0131r toplanmaz hi\u00e7 beklemeden re\u00e7el yap\u0131m\u0131na ba\u015flanmaktad\u0131r.[\/mk_fancy_title][\/vc_column][vc_column width=&#8221;1\/12&#8243;][\/vc_column][\/mk_page_section][vc_row][vc_column][mk_padding_divider size=&#8221;120&#8243;][\/vc_column][\/vc_row][vc_row][vc_column width=&#8221;6\/12&#8243;][mk_image src=&#8221;https:\/\/jupiter.artbees.net\/recel-turevleri\/wp-content\/uploads\/sites\/208\/2018\/01\/ana-sayfa-bg-05-1.jpg&#8221; image_size=&#8221;full&#8221;][\/vc_column][vc_column width=&#8221;1\/12&#8243;][\/vc_column][vc_column width=&#8221;5\/12&#8243;][mk_padding_divider size=&#8221;50&#8243; visibility=&#8221;hidden-tl&#8221;][mk_fancy_title color=&#8221;#000000&#8243; size=&#8221;16&#8243; font_weight=&#8221;bold&#8221; txt_transform=&#8221;uppercase&#8221; letter_spacing=&#8221;5&#8243; font_family=&#8221;Noto+Sans&#8221; font_type=&#8221;google&#8221; align=&#8221;center&#8221;]\u00dcRET\u0130M %100 KADIN[\/mk_fancy_title][mk_fancy_title color=&#8221;#000000&#8243; size=&#8221;40&#8243; font_weight=&#8221;400&#8243; txt_transform=&#8221;capitalize&#8221; font_family=&#8221;none&#8221; align=&#8221;center&#8221;]re\u00e7el t\u00fcrevleri[\/mk_fancy_title][mk_image src=&#8221;https:\/\/jupiter.artbees.net\/recel-turevleri\/wp-content\/uploads\/sites\/208\/2018\/01\/dot.icon_.png&#8221; image_size=&#8221;full&#8221; align=&#8221;center&#8221; margin_bottom=&#8221;20&#8243;][mk_fancy_title tag_name=&#8221;span&#8221; color=&#8221;#666666&#8243; size=&#8221;15&#8243; txt_transform=&#8221;none&#8221; font_family=&#8221;Noto+Sans&#8221; font_type=&#8221;google&#8221; align=&#8221;center&#8221;]Meryem Uluda\u011f\u2019 \u0131n en b\u00fcy\u00fck motivasyon kayna\u011f\u0131. Adana\u2019 n\u0131n Pozant\u0131 il\u00e7esinde bulunan \u00fcretim yerinde 10 kad\u0131n \u00e7al\u0131\u015fmaktad\u0131r.[\/mk_fancy_title][mk_fancy_title color=&#8221;#000000&#8243; size=&#8221;16&#8243; font_weight=&#8221;bold&#8221; txt_transform=&#8221;uppercase&#8221; font_family=&#8221;Noto+Sans&#8221; font_type=&#8221;google&#8221; align=&#8221;center&#8221;]<a href=\"https:\/\/jupiter.artbees.net\/recel-turevleri\/hakkimizda\/\"><strong>Devam\u0131 \u2192<\/strong><\/a>[\/mk_fancy_title][\/vc_column][\/vc_row][vc_row][vc_column][mk_padding_divider size=&#8221;75&#8243;][mk_padding_divider size=&#8221;75&#8243; visibility=&#8221;hidden-sm&#8221;][\/vc_column][\/vc_row][vc_row fullwidth=&#8221;true&#8221;][vc_column][mk_gallery images=&#8221;117,118,119,120,121,122,123,124,125,126,127,128&#8243; column=&#8221;6&#8243; image_size=&#8221;full&#8221; item_spacing=&#8221;4&#8243; margin_bottom=&#8221;0&#8243;][\/vc_column][\/vc_row][vc_row fullwidth=&#8221;true&#8221; fullwidth_content=&#8221;false&#8221; css=&#8221;.vc_custom_1515742361709{background-color: #ebebeb !important;}&#8221;][vc_column][mk_padding_divider size=&#8221;50&#8243;][mk_social_networks size=&#8221;medium&#8221; style=&#8221;simple&#8221; margin=&#8221;8&#8243; icon_color=&#8221;#333333&#8243; icon_hover_color=&#8221;#ff6600&#8243; align=&#8221;center&#8221; facebook=&#8221;https:\/\/www.facebook.com\/recel.turevleri&#8221; twitter=&#8221;https:\/\/twitter.com\/recelturevleri&#8221; instagram=&#8221;https:\/\/www.instagram.com\/recelturevleri\/&#8221;][mk_divider style=&#8221;thin_solid&#8221; thin_single_color=&#8221;#595959&#8243; thickness=&#8221;2&#8243; margin_top=&#8221;0&#8243; margin_bottom=&#8221;0&#8243;][\/vc_column][\/vc_row]\n<\/div>","protected":false},"excerpt":{"rendered":"<p>[vc_row fullwidth=&#8221;true&#8221;][vc_column][mk_edge_slider first_el=&#8221;true&#8221; full_height=&#8221;false&#8221; height=&#8221;640&#8243; direction_nav=&#8221;thumbflip&#8221; skip_arrow=&#8221;false&#8221;][\/vc_column][\/vc_row][vc_row][vc_column][mk_padding_divider size=&#8221;120&#8243;][\/vc_column][\/vc_row][vc_row][vc_column width=&#8221;5\/12&#8243;][mk_padding_divider size=&#8221;50&#8243; visibility=&#8221;hidden-tl&#8221;][mk_fancy_title color=&#8221;#000000&#8243; size=&#8221;16&#8243; font_weight=&#8221;bold&#8221; txt_transform=&#8221;uppercase&#8221; letter_spacing=&#8221;5&#8243; font_family=&#8221;Noto+Sans&#8221; font_type=&#8221;google&#8221; align=&#8221;center&#8221;]H\u0130KAYEM\u0130Z[\/mk_fancy_title][mk_fancy_title color=&#8221;#000000&#8243; size=&#8221;40&#8243; font_weight=&#8221;400&#8243; txt_transform=&#8221;capitalize&#8221; font_family=&#8221;none&#8221; align=&#8221;center&#8221;]re\u00e7el t\u00fcrevleri[\/mk_fancy_title][mk_image src=&#8221;https:\/\/jupiter.artbees.net\/recel-turevleri\/wp-content\/uploads\/sites\/208\/2018\/01\/dot.icon_.png&#8221; image_size=&#8221;full&#8221; align=&#8221;center&#8221; margin_bottom=&#8221;20&#8243;][mk_fancy_title tag_name=&#8221;span&#8221; color=&#8221;#666666&#8243; size=&#8221;15&#8243; txt_transform=&#8221;none&#8221; font_family=&#8221;Noto+Sans&#8221; font_type=&#8221;google&#8221; align=&#8221;center&#8221;]Re\u00e7el T\u00fcrevleri 2009 senesinde T\u00fcrev Uluda\u011f taraf\u0131ndan kurulan Re\u00e7el T\u00fcrevleri Be\u015fikta\u015f ve Re\u00e7el T\u00fcrevleri Cihangir i\u015fletmelerinin dinamosu olarak Adana\u2019n\u0131n [&hellip;]<\/p>\n","protected":false},"author":80,"featured_media":0,"parent":0,"menu_order":0,"comment_status":"closed","ping_status":"closed","template":"","meta":{"footnotes":""},"class_list":["post-5","page","type-page","status-publish","hentry","mk-info-sticky"],"yoast_head":"<!-- This site is optimized with the Yoast SEO Premium plugin v15.7 - https:\/\/yoast.com\/wordpress\/plugins\/seo\/ -->\n<title>Re\u00e7el T\u00fcrevleri - Re\u00e7el T\u00fcrevleri<\/title>\n<meta name=\"robots\" content=\"index, follow, max-snippet:-1, max-image-preview:large, max-video-preview:-1\" \/>\n<link rel=\"canonical\" href=\"https:\/\/jupiter.artbees.net\/recel-turevleri\/\" \/>\n<meta property=\"og:locale\" content=\"en_US\" \/>\n<meta property=\"og:type\" content=\"article\" \/>\n<meta property=\"og:title\" content=\"Re\u00e7el T\u00fcrevleri - Re\u00e7el T\u00fcrevleri\" \/>\n<meta property=\"og:description\" content=\"[vc_row fullwidth=&#8221;true&#8221;][vc_column][mk_edge_slider first_el=&#8221;true&#8221; full_height=&#8221;false&#8221; height=&#8221;640&#8243; direction_nav=&#8221;thumbflip&#8221; skip_arrow=&#8221;false&#8221;][\/vc_column][\/vc_row][vc_row][vc_column][mk_padding_divider size=&#8221;120&#8243;][\/vc_column][\/vc_row][vc_row][vc_column width=&#8221;5\/12&#8243;][mk_padding_divider size=&#8221;50&#8243; visibility=&#8221;hidden-tl&#8221;][mk_fancy_title color=&#8221;#000000&#8243; size=&#8221;16&#8243; font_weight=&#8221;bold&#8221; txt_transform=&#8221;uppercase&#8221; letter_spacing=&#8221;5&#8243; font_family=&#8221;Noto+Sans&#8221; font_type=&#8221;google&#8221; align=&#8221;center&#8221;]H\u0130KAYEM\u0130Z[\/mk_fancy_title][mk_fancy_title color=&#8221;#000000&#8243; size=&#8221;40&#8243; font_weight=&#8221;400&#8243; txt_transform=&#8221;capitalize&#8221; font_family=&#8221;none&#8221; align=&#8221;center&#8221;]re\u00e7el t\u00fcrevleri[\/mk_fancy_title][mk_image src=&#8221;https:\/\/jupiter.artbees.net\/recel-turevleri\/wp-content\/uploads\/sites\/208\/2018\/01\/dot.icon_.png&#8221; image_size=&#8221;full&#8221; align=&#8221;center&#8221; margin_bottom=&#8221;20&#8243;][mk_fancy_title tag_name=&#8221;span&#8221; color=&#8221;#666666&#8243; size=&#8221;15&#8243; txt_transform=&#8221;none&#8221; font_family=&#8221;Noto+Sans&#8221; font_type=&#8221;google&#8221; align=&#8221;center&#8221;]Re\u00e7el T\u00fcrevleri 2009 senesinde T\u00fcrev Uluda\u011f taraf\u0131ndan kurulan Re\u00e7el T\u00fcrevleri Be\u015fikta\u015f ve Re\u00e7el T\u00fcrevleri Cihangir i\u015fletmelerinin dinamosu olarak Adana\u2019n\u0131n [&hellip;]\" \/>\n<meta property=\"og:url\" content=\"https:\/\/jupiter.artbees.net\/recel-turevleri\/\" \/>\n<meta property=\"og:site_name\" content=\"Re\u00e7el T\u00fcrevleri\" \/>\n<meta property=\"article:modified_time\" content=\"2018-02-14T09:21:35+00:00\" \/>\n<meta name=\"twitter:card\" content=\"summary_large_image\" \/>\n<meta name=\"twitter:label1\" content=\"Est. reading time\">\n\t<meta name=\"twitter:data1\" content=\"10 minutes\">\n<script type=\"application\/ld+json\" class=\"yoast-schema-graph\">{\"@context\":\"https:\/\/schema.org\",\"@graph\":[{\"@type\":\"WebSite\",\"@id\":\"https:\/\/jupiter.artbees.net\/recel-turevleri\/#website\",\"url\":\"https:\/\/jupiter.artbees.net\/recel-turevleri\/\",\"name\":\"Re\\u00e7el T\\u00fcrevleri\",\"description\":\"\",\"potentialAction\":[{\"@type\":\"SearchAction\",\"target\":\"https:\/\/jupiter.artbees.net\/recel-turevleri\/?s={search_term_string}\",\"query-input\":\"required name=search_term_string\"}],\"inLanguage\":\"en-US\"},{\"@type\":\"WebPage\",\"@id\":\"https:\/\/jupiter.artbees.net\/recel-turevleri\/#webpage\",\"url\":\"https:\/\/jupiter.artbees.net\/recel-turevleri\/\",\"name\":\"Re\\u00e7el T\\u00fcrevleri - Re\\u00e7el T\\u00fcrevleri\",\"isPartOf\":{\"@id\":\"https:\/\/jupiter.artbees.net\/recel-turevleri\/#website\"},\"datePublished\":\"2018-01-11T06:33:56+00:00\",\"dateModified\":\"2018-02-14T09:21:35+00:00\",\"breadcrumb\":{\"@id\":\"https:\/\/jupiter.artbees.net\/recel-turevleri\/#breadcrumb\"},\"inLanguage\":\"en-US\",\"potentialAction\":[{\"@type\":\"ReadAction\",\"target\":[\"https:\/\/jupiter.artbees.net\/recel-turevleri\/\"]}]},{\"@type\":\"BreadcrumbList\",\"@id\":\"https:\/\/jupiter.artbees.net\/recel-turevleri\/#breadcrumb\",\"itemListElement\":[{\"@type\":\"ListItem\",\"position\":1,\"item\":{\"@type\":\"WebPage\",\"@id\":\"https:\/\/jupiter.artbees.net\/recel-turevleri\/\",\"url\":\"https:\/\/jupiter.artbees.net\/recel-turevleri\/\",\"name\":\"Home\"}},{\"@type\":\"ListItem\",\"position\":2,\"item\":{\"@type\":\"WebPage\",\"@id\":\"https:\/\/jupiter.artbees.net\/recel-turevleri\/\",\"url\":\"https:\/\/jupiter.artbees.net\/recel-turevleri\/\",\"name\":\"Re\\u00e7el T\\u00fcrevleri\"}}]}]}<\/script>\n<!-- \/ Yoast SEO Premium plugin. -->","_links":{"self":[{"href":"https:\/\/jupiter.artbees.net\/recel-turevleri\/wp-json\/wp\/v2\/pages\/5","targetHints":{"allow":["GET"]}}],"collection":[{"href":"https:\/\/jupiter.artbees.net\/recel-turevleri\/wp-json\/wp\/v2\/pages"}],"about":[{"href":"https:\/\/jupiter.artbees.net\/recel-turevleri\/wp-json\/wp\/v2\/types\/page"}],"author":[{"embeddable":true,"href":"https:\/\/jupiter.artbees.net\/recel-turevleri\/wp-json\/wp\/v2\/users\/80"}],"replies":[{"embeddable":true,"href":"https:\/\/jupiter.artbees.net\/recel-turevleri\/wp-json\/wp\/v2\/comments?post=5"}],"version-history":[{"count":48,"href":"https:\/\/jupiter.artbees.net\/recel-turevleri\/wp-json\/wp\/v2\/pages\/5\/revisions"}],"predecessor-version":[{"id":11685,"href":"https:\/\/jupiter.artbees.net\/recel-turevleri\/wp-json\/wp\/v2\/pages\/5\/revisions\/11685"}],"wp:attachment":[{"href":"https:\/\/jupiter.artbees.net\/recel-turevleri\/wp-json\/wp\/v2\/media?parent=5"}],"curies":[{"name":"wp","href":"https:\/\/api.w.org\/{rel}","templated":true}]}}