{"id":9,"date":"2018-01-11T06:38:52","date_gmt":"2018-01-11T06:38:52","guid":{"rendered":"https:\/\/demos.artbees.net\/jupiter\/recel-turevleri\/?page_id=9"},"modified":"2018-02-02T07:49:51","modified_gmt":"2018-02-02T07:49:51","slug":"hakkimizda","status":"publish","type":"page","link":"https:\/\/jupiter.artbees.net\/recel-turevleri\/home\/hakkimizda\/","title":{"rendered":"Hakk\u0131m\u0131zda"},"content":{"rendered":"<div class=\"wpb-content-wrapper\">[mk_page_section bg_image=&#8221;https:\/\/jupiter.artbees.net\/recel-turevleri\/wp-content\/uploads\/sites\/208\/2018\/01\/hakkimizda-bg-01.jpg&#8221; bg_position=&#8221;center center&#8221; bg_repeat=&#8221;no-repeat&#8221; bg_stretch=&#8221;true&#8221; video_color_mask=&#8221;#000000&#8243; video_opacity=&#8221;0.5&#8243; min_height=&#8221;700&#8243; js_vertical_centered=&#8221;true&#8221; sidebar=&#8221;sidebar-1&#8243;][vc_column][mk_fancy_title tag_name=&#8221;h1&#8243; color=&#8221;#ffffff&#8221; size=&#8221;60&#8243; force_font_size=&#8221;true&#8221; size_phone=&#8221;50&#8243; font_weight=&#8221;400&#8243; txt_transform=&#8221;capitalize&#8221; font_family=&#8221;none&#8221; align=&#8221;center&#8221;]anne \u015fefkatiyle&#8230;[\/mk_fancy_title][\/vc_column][\/mk_page_section][vc_row][vc_column][mk_padding_divider size=&#8221;110&#8243;][mk_fancy_title color=&#8221;#000000&#8243; size=&#8221;60&#8243; force_font_size=&#8221;true&#8221; size_phone=&#8221;40&#8243; font_weight=&#8221;400&#8243; txt_transform=&#8221;none&#8221; font_family=&#8221;none&#8221; align=&#8221;center&#8221;]Biz kimiz ?[\/mk_fancy_title][vc_row_inner][vc_column_inner width=&#8221;1\/2&#8243;][mk_fancy_title tag_name=&#8221;span&#8221; color=&#8221;#000000&#8243; size=&#8221;15&#8243; line_height=&#8221;170&#8243; font_family=&#8221;Noto+Sans&#8221; font_type=&#8221;google&#8221;]Re\u00e7el T\u00fcrevleri 2009 senesinde T\u00fcrev Uluda\u011f taraf\u0131ndan kurulan Re\u00e7el T\u00fcrevleri Be\u015fikta\u015f ve Re\u00e7el T\u00fcrevleri Cihangir i\u015fletmelerinin dinamosu olarak Adana\u2019n\u0131n Pozant\u0131 il\u00e7esinde \u201cAnne \u015eefkatiyle\u201d re\u00e7el \u00fcretmektedirler. Kahvalt\u0131n\u0131n g\u00fcn\u00fcn en \u00f6nemli \u00f6\u011f\u00fcn oldu\u011funu kabullenen insanlar\u0131, kahvalt\u0131n\u0131n en \u00f6nemli eleman\u0131n ise re\u00e7el oldu\u011funa ikna etmek i\u00e7in \u00e7\u0131kt\u0131 bu yola.Re\u00e7el T\u00fcrevleri\u2019 nde bir meyve ya da sebze dal\u0131ndan toplan\u0131r toplanmaz hi\u00e7 beklemeden re\u00e7el yap\u0131m\u0131na ba\u015flanmaktad\u0131r. 41 farkl\u0131 \u00e7e\u015fitle \u00fcretim yapan Re\u00e7el T\u00fcrevleri, bildi\u011finiz lezzetlerin d\u0131\u015f\u0131ndaki lezzetlere de yer vermekte.[\/mk_fancy_title][\/vc_column_inner][vc_column_inner width=&#8221;1\/2&#8243;][mk_fancy_title tag_name=&#8221;span&#8221; color=&#8221;#000000&#8243; size=&#8221;15&#8243; line_height=&#8221;170&#8243; font_family=&#8221;Noto+Sans&#8221; font_type=&#8221;google&#8221;] Bildi\u011finiz lezzetleri ise bildiklerinizden daha lezzetli hale getirmeye \u00e7al\u0131\u015fmaktad\u0131r.Her mevsimin insanlar da yaratt\u0131\u011f\u0131 duygunun farkl\u0131 oldu\u011fu gibi, her mevsime tad\u0131n\u0131 veren meyvelerle \u00fcretim yapmay\u0131 tercih etmi\u015ftir. Re\u00e7el T\u00fcrevleri, \u00fcretim kapasitesi, kar, zarar, prestij gibi \u00e7ok anlat\u0131lan hikayelerin aksine, eve giren her g\u00fcn \u0131\u015f\u0131\u011f\u0131na, kahvalt\u0131da anne elinin e\u015flik etmesini, dokundu\u011fu her \u015feye kar\u015f\u0131l\u0131ks\u0131z mutluluk veren anne elini, g\u00fcn \u0131\u015f\u0131\u011f\u0131n\u0131z yapmay\u0131 ama\u00e7lam\u0131\u015ft\u0131r. \u00c7\u00fcnk\u00fc \u201cAnne \u015eefkatiyle\u201d yap\u0131lan her re\u00e7el mutlu olmam\u0131z i\u00e7in \u00fcretilmi\u015ftir.[\/mk_fancy_title][\/vc_column_inner][\/vc_row_inner][mk_padding_divider size=&#8221;120&#8243;][\/vc_column][\/vc_row][mk_page_section layout_structure=&#8221;half_left&#8221; bg_image=&#8221;https:\/\/jupiter.artbees.net\/recel-turevleri\/wp-content\/uploads\/sites\/208\/2018\/01\/hakkimizda-bg-02.jpg&#8221; bg_color=&#8221;#f5f5f5&#8243; min_height=&#8221;900&#8243;][vc_column][mk_padding_divider size=&#8221;150&#8243; visibility=&#8221;hidden-sm&#8221;][mk_padding_divider size=&#8221;100&#8243;][mk_fancy_title color=&#8221;#000000&#8243; size=&#8221;32&#8243; font_weight=&#8221;400&#8243; txt_transform=&#8221;none&#8221; font_family=&#8221;Noto+Sans&#8221; font_type=&#8221;google&#8221;]Lezzetli re\u00e7eller. Sa\u011fl\u0131kl\u0131 kahvalt\u0131lar.[\/mk_fancy_title][mk_fancy_title tag_name=&#8221;span&#8221; color=&#8221;#000000&#8243; size=&#8221;15&#8243; line_height=&#8221;170&#8243; font_family=&#8221;Noto+Sans&#8221; font_type=&#8221;google&#8221;]Annesinin evinde yapt\u0131\u011f\u0131 re\u00e7elleri yiyerek b\u00fcy\u00fcyen T\u00fcrev Uluda\u011f, t\u00fcm insanlar\u0131n sofras\u0131nda bir annenin eli olmas\u0131 gerekti\u011fine karar verdi. \u201cAnne \u015eefkatiyle\u201d slogan\u0131 ile \u00fcretime ba\u015flayan ve \u00fcretimin t\u00fcm a\u015famalar\u0131nda Adana y\u00f6resinde ya\u015fayan annelere yer verdi. [\/mk_fancy_title][mk_fancy_title tag_name=&#8221;span&#8221; color=&#8221;#000000&#8243; size=&#8221;15&#8243; line_height=&#8221;170&#8243; font_family=&#8221;Noto+Sans&#8221; font_type=&#8221;google&#8221;]Annelerin sevgi dolu elleriyle \u00fcretime ge\u00e7en Re\u00e7el T\u00fcrevleri, k\u00fc\u00e7\u00fck kazanlarda \u00fcretim yaparak ve hi\u00e7bir katk\u0131 maddesi koymadan tamamen el \u00fcretimiyle, da\u011f\u0131lmam\u0131\u015f ve do\u011fall\u0131\u011f\u0131n\u0131 koruyan re\u00e7elleri \u00fcretmeyi ama\u00e7 edinmi\u015ftir. Di\u011fer re\u00e7ellerin aksine, s\u0131v\u0131 oran\u0131 d\u00fc\u015f\u00fck ve meyve oran\u0131 y\u00fcksek (%90lara kadar varan meyve oran\u0131) re\u00e7eller \u00fcreterek, as\u0131l olarak meyvenin tad\u0131n\u0131 insanlara ula\u015ft\u0131rmay\u0131 hedeflemektedir. [\/mk_fancy_title][\/vc_column][\/mk_page_section][mk_page_section layout_structure=&#8221;half_right&#8221; bg_image=&#8221;https:\/\/jupiter.artbees.net\/recel-turevleri\/wp-content\/uploads\/sites\/208\/2018\/01\/hakkimizda-bg-05.jpg&#8221; bg_color=&#8221;#f5f5f5&#8243; min_height=&#8221;900&#8243;][vc_column][mk_padding_divider size=&#8221;100&#8243;][mk_fancy_title color=&#8221;#000000&#8243; size=&#8221;32&#8243; font_weight=&#8221;400&#8243; txt_transform=&#8221;none&#8221; font_family=&#8221;Noto+Sans&#8221; font_type=&#8221;google&#8221;]Kad\u0131n g\u00fcc\u00fc[\/mk_fancy_title][mk_fancy_title tag_name=&#8221;span&#8221; color=&#8221;#000000&#8243; size=&#8221;15&#8243; line_height=&#8221;170&#8243; font_family=&#8221;Noto+Sans&#8221; font_type=&#8221;google&#8221;]Re\u00e7el T\u00fcrevleri\u2019 nin Annesi Meryem Uluda\u011f ile kurdu\u011fu hayal ile re\u00e7elleri daha fazla insana ula\u015ft\u0131rmak i\u00e7in, Be\u015fikta\u015f ve Cihangir\u2019 de g\u00fcn boyu kahvalt\u0131 hizmeti veren i\u015fletmeleri bulunmaktad\u0131r. Annemiz asl\u0131nda emekli \u00f6\u011fretmen. Mezun etti\u011fi \u00f6\u011frencilere i\u015f imkan\u0131 olabilmesi, kad\u0131n istihdam\u0131 sa\u011flanabilmesi Meryem Uluda\u011f\u2019 \u0131n en b\u00fcy\u00fck motivasyon kayna\u011f\u0131. Adana\u2019 n\u0131n Pozant\u0131 il\u00e7esinde bulunan \u00fcretim yerinde 10 kad\u0131n \u00e7al\u0131\u015fmaktad\u0131r.[\/mk_fancy_title][mk_padding_divider][vc_row_inner is_fullwidth_content=&#8221;false&#8221;][vc_column_inner width=&#8221;1\/2&#8243;][mk_padding_divider size=&#8221;60&#8243;][mk_image src=&#8221;https:\/\/jupiter.artbees.net\/recel-turevleri\/wp-content\/uploads\/sites\/208\/2018\/01\/hakkimizda-bg-03.jpg&#8221; image_size=&#8221;full&#8221;][\/vc_column_inner][vc_column_inner width=&#8221;1\/2&#8243;][mk_fancy_title tag_name=&#8221;h3&#8243; color=&#8221;#000000&#8243; size=&#8221;24&#8243; font_weight=&#8221;bold&#8221; txt_transform=&#8221;none&#8221; margin_bottom=&#8221;0&#8243; font_family=&#8221;Noto+Sans&#8221; font_type=&#8221;google&#8221;]Kahvalt\u0131[\/mk_fancy_title][mk_fancy_title tag_name=&#8221;span&#8221; color=&#8221;#000000&#8243; size=&#8221;15&#8243; line_height=&#8221;170&#8243; margin_bottom=&#8221;40&#8243; font_family=&#8221;Noto+Sans&#8221; font_type=&#8221;google&#8221;]Kahvalt\u0131da kullan\u0131lan \u00fcr\u00fcnleri direk \u00fcreticiden alan Re\u00e7el T\u00fcrevleri, \u00c7atalca\u2019dan g\u00fcnl\u00fck manda kayma\u011f\u0131, \u00c7anakkale\u2019den Ezine peyniri, Kars\u2019tan eski ka\u015far\u0131, Gemlik\u2019ten zeytinleri, Ala\u00e7at\u0131\u2019dan zeytinya\u011f\u0131n\u0131, Toroslardan bal\u0131n\u0131 ve buna benzer bir\u00e7ok \u00fcr\u00fcn\u00fc yerinden \u00fcreticiden tedarik etmektedir.[\/mk_fancy_title][mk_padding_divider visibility=&#8221;visible-sm&#8221;][\/vc_column_inner][\/vc_row_inner][\/vc_column][\/mk_page_section][mk_page_section bg_image=&#8221;https:\/\/jupiter.artbees.net\/recel-turevleri\/wp-content\/uploads\/sites\/208\/2018\/01\/hakkimizda-bg-06.jpg&#8221; bg_position=&#8221;center center&#8221; bg_repeat=&#8221;no-repeat&#8221; bg_stretch=&#8221;true&#8221; enable_3d=&#8221;true&#8221; video_color_mask=&#8221;#000000&#8243; video_opacity=&#8221;0.5&#8243; min_height=&#8221;700&#8243; js_vertical_centered=&#8221;true&#8221; sidebar=&#8221;sidebar-1&#8243;][vc_column width=&#8221;1\/12&#8243;][\/vc_column][vc_column width=&#8221;10\/12&#8243;][mk_fancy_title color=&#8221;#ffffff&#8221; size=&#8221;60&#8243; force_font_size=&#8221;true&#8221; size_phone=&#8221;40&#8243; font_weight=&#8221;400&#8243; txt_transform=&#8221;none&#8221; font_family=&#8221;none&#8221; align=&#8221;center&#8221;]Bizde \u201cSeni Seviyorum\u201d denmez; <strong>Re\u00e7el<\/strong> hediye edilir.[\/mk_fancy_title][\/vc_column][vc_column width=&#8221;1\/12&#8243;][\/vc_column][\/mk_page_section][vc_row fullwidth=&#8221;true&#8221; fullwidth_content=&#8221;false&#8221; css=&#8221;.vc_custom_1515742361709{background-color: #ebebeb !important;}&#8221;][vc_column][mk_padding_divider size=&#8221;50&#8243;][mk_social_networks size=&#8221;medium&#8221; style=&#8221;simple&#8221; margin=&#8221;8&#8243; icon_color=&#8221;#333333&#8243; icon_hover_color=&#8221;#ff6600&#8243; align=&#8221;center&#8221; facebook=&#8221;https:\/\/www.facebook.com\/recel.turevleri&#8221; twitter=&#8221;https:\/\/twitter.com\/recelturevleri&#8221; instagram=&#8221;https:\/\/www.instagram.com\/recelturevleri\/&#8221;][mk_divider style=&#8221;thin_solid&#8221; thin_single_color=&#8221;#595959&#8243; thickness=&#8221;2&#8243; margin_top=&#8221;0&#8243; margin_bottom=&#8221;0&#8243;][\/vc_column][\/vc_row]\n<\/div>","protected":false},"excerpt":{"rendered":"<p>[mk_page_section bg_image=&#8221;https:\/\/jupiter.artbees.net\/recel-turevleri\/wp-content\/uploads\/sites\/208\/2018\/01\/hakkimizda-bg-01.jpg&#8221; bg_position=&#8221;center center&#8221; bg_repeat=&#8221;no-repeat&#8221; bg_stretch=&#8221;true&#8221; video_color_mask=&#8221;#000000&#8243; video_opacity=&#8221;0.5&#8243; min_height=&#8221;700&#8243; js_vertical_centered=&#8221;true&#8221; sidebar=&#8221;sidebar-1&#8243;][vc_column][mk_fancy_title tag_name=&#8221;h1&#8243; color=&#8221;#ffffff&#8221; size=&#8221;60&#8243; force_font_size=&#8221;true&#8221; size_phone=&#8221;50&#8243; font_weight=&#8221;400&#8243; txt_transform=&#8221;capitalize&#8221; font_family=&#8221;none&#8221; align=&#8221;center&#8221;]anne \u015fefkatiyle&#8230;[\/mk_fancy_title][\/vc_column][\/mk_page_section][vc_row][vc_column][mk_padding_divider size=&#8221;110&#8243;][mk_fancy_title color=&#8221;#000000&#8243; size=&#8221;60&#8243; force_font_size=&#8221;true&#8221; size_phone=&#8221;40&#8243; font_weight=&#8221;400&#8243; txt_transform=&#8221;none&#8221; font_family=&#8221;none&#8221; align=&#8221;center&#8221;]Biz kimiz ?[\/mk_fancy_title][vc_row_inner][vc_column_inner width=&#8221;1\/2&#8243;][mk_fancy_title tag_name=&#8221;span&#8221; color=&#8221;#000000&#8243; size=&#8221;15&#8243; line_height=&#8221;170&#8243; font_family=&#8221;Noto+Sans&#8221; font_type=&#8221;google&#8221;]Re\u00e7el T\u00fcrevleri 2009 senesinde T\u00fcrev Uluda\u011f taraf\u0131ndan kurulan Re\u00e7el T\u00fcrevleri Be\u015fikta\u015f ve Re\u00e7el T\u00fcrevleri Cihangir i\u015fletmelerinin dinamosu [&hellip;]<\/p>\n","protected":false},"author":80,"featured_media":0,"parent":5,"menu_order":0,"comment_status":"closed","ping_status":"closed","template":"","meta":{"footnotes":""},"class_list":["post-9","page","type-page","status-publish","hentry","mk-info-sticky"],"yoast_head":"<!-- This site is optimized with the Yoast SEO Premium plugin v15.7 - https:\/\/yoast.com\/wordpress\/plugins\/seo\/ -->\n<title>Hakk\u0131m\u0131zda - Re\u00e7el T\u00fcrevleri<\/title>\n<meta name=\"robots\" content=\"index, follow, max-snippet:-1, max-image-preview:large, max-video-preview:-1\" \/>\n<link rel=\"canonical\" href=\"https:\/\/jupiter.artbees.net\/recel-turevleri\/home\/hakkimizda\/\" \/>\n<meta property=\"og:locale\" content=\"en_US\" \/>\n<meta property=\"og:type\" content=\"article\" \/>\n<meta property=\"og:title\" content=\"Hakk\u0131m\u0131zda - Re\u00e7el T\u00fcrevleri\" \/>\n<meta property=\"og:description\" content=\"[mk_page_section bg_image=&#8221;https:\/\/jupiter.artbees.net\/recel-turevleri\/wp-content\/uploads\/sites\/208\/2018\/01\/hakkimizda-bg-01.jpg&#8221; bg_position=&#8221;center center&#8221; bg_repeat=&#8221;no-repeat&#8221; bg_stretch=&#8221;true&#8221; video_color_mask=&#8221;#000000&#8243; video_opacity=&#8221;0.5&#8243; min_height=&#8221;700&#8243; js_vertical_centered=&#8221;true&#8221; sidebar=&#8221;sidebar-1&#8243;][vc_column][mk_fancy_title tag_name=&#8221;h1&#8243; color=&#8221;#ffffff&#8221; size=&#8221;60&#8243; force_font_size=&#8221;true&#8221; size_phone=&#8221;50&#8243; font_weight=&#8221;400&#8243; txt_transform=&#8221;capitalize&#8221; font_family=&#8221;none&#8221; align=&#8221;center&#8221;]anne \u015fefkatiyle&#8230;[\/mk_fancy_title][\/vc_column][\/mk_page_section][vc_row][vc_column][mk_padding_divider size=&#8221;110&#8243;][mk_fancy_title color=&#8221;#000000&#8243; size=&#8221;60&#8243; force_font_size=&#8221;true&#8221; size_phone=&#8221;40&#8243; font_weight=&#8221;400&#8243; txt_transform=&#8221;none&#8221; font_family=&#8221;none&#8221; align=&#8221;center&#8221;]Biz kimiz ?[\/mk_fancy_title][vc_row_inner][vc_column_inner width=&#8221;1\/2&#8243;][mk_fancy_title tag_name=&#8221;span&#8221; color=&#8221;#000000&#8243; size=&#8221;15&#8243; line_height=&#8221;170&#8243; font_family=&#8221;Noto+Sans&#8221; font_type=&#8221;google&#8221;]Re\u00e7el T\u00fcrevleri 2009 senesinde T\u00fcrev Uluda\u011f taraf\u0131ndan kurulan Re\u00e7el T\u00fcrevleri Be\u015fikta\u015f ve Re\u00e7el T\u00fcrevleri Cihangir i\u015fletmelerinin dinamosu [&hellip;]\" \/>\n<meta property=\"og:url\" content=\"https:\/\/jupiter.artbees.net\/recel-turevleri\/home\/hakkimizda\/\" \/>\n<meta property=\"og:site_name\" content=\"Re\u00e7el T\u00fcrevleri\" \/>\n<meta property=\"article:modified_time\" content=\"2018-02-02T07:49:51+00:00\" \/>\n<meta name=\"twitter:card\" content=\"summary_large_image\" \/>\n<meta name=\"twitter:label1\" content=\"Est. reading time\">\n\t<meta name=\"twitter:data1\" content=\"5 minutes\">\n<script type=\"application\/ld+json\" class=\"yoast-schema-graph\">{\"@context\":\"https:\/\/schema.org\",\"@graph\":[{\"@type\":\"WebSite\",\"@id\":\"https:\/\/jupiter.artbees.net\/recel-turevleri\/#website\",\"url\":\"https:\/\/jupiter.artbees.net\/recel-turevleri\/\",\"name\":\"Re\\u00e7el T\\u00fcrevleri\",\"description\":\"\",\"potentialAction\":[{\"@type\":\"SearchAction\",\"target\":\"https:\/\/jupiter.artbees.net\/recel-turevleri\/?s={search_term_string}\",\"query-input\":\"required name=search_term_string\"}],\"inLanguage\":\"en-US\"},{\"@type\":\"WebPage\",\"@id\":\"https:\/\/jupiter.artbees.net\/recel-turevleri\/home\/hakkimizda\/#webpage\",\"url\":\"https:\/\/jupiter.artbees.net\/recel-turevleri\/home\/hakkimizda\/\",\"name\":\"Hakk\\u0131m\\u0131zda - Re\\u00e7el T\\u00fcrevleri\",\"isPartOf\":{\"@id\":\"https:\/\/jupiter.artbees.net\/recel-turevleri\/#website\"},\"datePublished\":\"2018-01-11T06:38:52+00:00\",\"dateModified\":\"2018-02-02T07:49:51+00:00\",\"breadcrumb\":{\"@id\":\"https:\/\/jupiter.artbees.net\/recel-turevleri\/home\/hakkimizda\/#breadcrumb\"},\"inLanguage\":\"en-US\",\"potentialAction\":[{\"@type\":\"ReadAction\",\"target\":[\"https:\/\/jupiter.artbees.net\/recel-turevleri\/home\/hakkimizda\/\"]}]},{\"@type\":\"BreadcrumbList\",\"@id\":\"https:\/\/jupiter.artbees.net\/recel-turevleri\/home\/hakkimizda\/#breadcrumb\",\"itemListElement\":[{\"@type\":\"ListItem\",\"position\":1,\"item\":{\"@type\":\"WebPage\",\"@id\":\"https:\/\/jupiter.artbees.net\/recel-turevleri\/\",\"url\":\"https:\/\/jupiter.artbees.net\/recel-turevleri\/\",\"name\":\"Home\"}},{\"@type\":\"ListItem\",\"position\":2,\"item\":{\"@type\":\"WebPage\",\"@id\":\"https:\/\/jupiter.artbees.net\/recel-turevleri\/\",\"url\":\"https:\/\/jupiter.artbees.net\/recel-turevleri\/\",\"name\":\"Re\\u00e7el T\\u00fcrevleri\"}},{\"@type\":\"ListItem\",\"position\":3,\"item\":{\"@type\":\"WebPage\",\"@id\":\"https:\/\/jupiter.artbees.net\/recel-turevleri\/home\/hakkimizda\/\",\"url\":\"https:\/\/jupiter.artbees.net\/recel-turevleri\/home\/hakkimizda\/\",\"name\":\"Hakk\\u0131m\\u0131zda\"}}]}]}<\/script>\n<!-- \/ Yoast SEO Premium plugin. -->","_links":{"self":[{"href":"https:\/\/jupiter.artbees.net\/recel-turevleri\/wp-json\/wp\/v2\/pages\/9","targetHints":{"allow":["GET"]}}],"collection":[{"href":"https:\/\/jupiter.artbees.net\/recel-turevleri\/wp-json\/wp\/v2\/pages"}],"about":[{"href":"https:\/\/jupiter.artbees.net\/recel-turevleri\/wp-json\/wp\/v2\/types\/page"}],"author":[{"embeddable":true,"href":"https:\/\/jupiter.artbees.net\/recel-turevleri\/wp-json\/wp\/v2\/users\/80"}],"replies":[{"embeddable":true,"href":"https:\/\/jupiter.artbees.net\/recel-turevleri\/wp-json\/wp\/v2\/comments?post=9"}],"version-history":[{"count":41,"href":"https:\/\/jupiter.artbees.net\/recel-turevleri\/wp-json\/wp\/v2\/pages\/9\/revisions"}],"predecessor-version":[{"id":11422,"href":"https:\/\/jupiter.artbees.net\/recel-turevleri\/wp-json\/wp\/v2\/pages\/9\/revisions\/11422"}],"up":[{"embeddable":true,"href":"https:\/\/jupiter.artbees.net\/recel-turevleri\/wp-json\/wp\/v2\/pages\/5"}],"wp:attachment":[{"href":"https:\/\/jupiter.artbees.net\/recel-turevleri\/wp-json\/wp\/v2\/media?parent=9"}],"curies":[{"name":"wp","href":"https:\/\/api.w.org\/{rel}","templated":true}]}}