{"id":157,"date":"2018-01-12T13:15:52","date_gmt":"2018-01-12T13:15:52","guid":{"rendered":"https:\/\/demos.artbees.net\/jupiter\/recel-turevleri\/?post_type=product&#038;p=157"},"modified":"2018-03-01T07:10:49","modified_gmt":"2018-03-01T07:10:49","slug":"cekirdeksiz-uzum-receli","status":"publish","type":"product","link":"https:\/\/jupiter.artbees.net\/recel-turevleri\/product\/cekirdeksiz-uzum-receli\/","title":{"rendered":"\u00c7ekirdeksiz \u00dcz\u00fcm Re\u00e7eli"},"content":{"rendered":"","protected":false},"excerpt":{"rendered":"<p><strong>\u00c7ekirdeksiz \u00dcz\u00fcm Re\u00e7eli 300gr<\/strong><br \/>\nRe\u00e7ellerimiz Adana&#039; n\u0131n Pozant\u0131 il\u00e7esinde &#8220;Anne \u015eefkatiyle&#8221; \u00fcretilmektedir. Re\u00e7ellerimizin hi\u00e7birinde raf \u00f6mr\u00fc artt\u0131r\u0131c\u0131 katk\u0131 ya da glikoz ad\u0131yla an\u0131lan m\u0131s\u0131r \u015furubu KULLANILMAMAKTADIR.  <\/p>\n","protected":false},"featured_media":109,"comment_status":"open","ping_status":"closed","template":"","meta":[],"product_cat":[17],"product_tag":[],"class_list":{"0":"post-157","1":"product","2":"type-product","3":"status-publish","4":"has-post-thumbnail","6":"product_cat-meyveli","7":"mk-info-sticky","9":"first","10":"instock","11":"shipping-taxable","12":"purchasable","13":"product-type-simple"},"yoast_head":"<!-- This site is optimized with the Yoast SEO Premium plugin v15.7 - https:\/\/yoast.com\/wordpress\/plugins\/seo\/ -->\n<title>\u00c7ekirdeksiz \u00dcz\u00fcm Re\u00e7eli - Re\u00e7el T\u00fcrevleri<\/title>\n<meta name=\"robots\" content=\"index, follow, max-snippet:-1, max-image-preview:large, max-video-preview:-1\" \/>\n<link rel=\"canonical\" href=\"https:\/\/jupiter.artbees.net\/recel-turevleri\/product\/cekirdeksiz-uzum-receli\/\" \/>\n<meta property=\"og:locale\" content=\"en_US\" \/>\n<meta property=\"og:type\" content=\"article\" \/>\n<meta property=\"og:title\" content=\"\u00c7ekirdeksiz \u00dcz\u00fcm Re\u00e7eli - Re\u00e7el T\u00fcrevleri\" \/>\n<meta property=\"og:description\" content=\"\u00c7ekirdeksiz \u00dcz\u00fcm Re\u00e7eli 300gr Re\u00e7ellerimiz Adana&#039; n\u0131n Pozant\u0131 il\u00e7esinde &quot;Anne \u015eefkatiyle&quot; \u00fcretilmektedir. Re\u00e7ellerimizin hi\u00e7birinde raf \u00f6mr\u00fc artt\u0131r\u0131c\u0131 katk\u0131 ya da glikoz ad\u0131yla an\u0131lan m\u0131s\u0131r \u015furubu KULLANILMAMAKTADIR.\" \/>\n<meta property=\"og:url\" content=\"https:\/\/jupiter.artbees.net\/recel-turevleri\/product\/cekirdeksiz-uzum-receli\/\" \/>\n<meta property=\"og:site_name\" content=\"Re\u00e7el T\u00fcrevleri\" \/>\n<meta property=\"article:modified_time\" content=\"2018-03-01T07:10:49+00:00\" \/>\n<meta property=\"og:image\" content=\"https:\/\/jupiter.artbees.net\/recel-turevleri\/wp-content\/uploads\/sites\/208\/2018\/01\/urunler-01.jpg\" \/>\n\t<meta property=\"og:image:width\" content=\"800\" \/>\n\t<meta property=\"og:image:height\" content=\"800\" \/>\n<meta name=\"twitter:card\" content=\"summary_large_image\" \/>\n<script type=\"application\/ld+json\" class=\"yoast-schema-graph\">{\"@context\":\"https:\/\/schema.org\",\"@graph\":[{\"@type\":\"WebSite\",\"@id\":\"https:\/\/jupiter.artbees.net\/recel-turevleri\/#website\",\"url\":\"https:\/\/jupiter.artbees.net\/recel-turevleri\/\",\"name\":\"Re\\u00e7el T\\u00fcrevleri\",\"description\":\"\",\"potentialAction\":[{\"@type\":\"SearchAction\",\"target\":\"https:\/\/jupiter.artbees.net\/recel-turevleri\/?s={search_term_string}\",\"query-input\":\"required name=search_term_string\"}],\"inLanguage\":\"en-US\"},{\"@type\":\"ImageObject\",\"@id\":\"https:\/\/jupiter.artbees.net\/recel-turevleri\/product\/cekirdeksiz-uzum-receli\/#primaryimage\",\"inLanguage\":\"en-US\",\"url\":\"https:\/\/jupiter.artbees.net\/recel-turevleri\/wp-content\/uploads\/sites\/208\/2018\/01\/urunler-01.jpg\",\"width\":800,\"height\":800},{\"@type\":\"WebPage\",\"@id\":\"https:\/\/jupiter.artbees.net\/recel-turevleri\/product\/cekirdeksiz-uzum-receli\/#webpage\",\"url\":\"https:\/\/jupiter.artbees.net\/recel-turevleri\/product\/cekirdeksiz-uzum-receli\/\",\"name\":\"\\u00c7ekirdeksiz \\u00dcz\\u00fcm Re\\u00e7eli - Re\\u00e7el T\\u00fcrevleri\",\"isPartOf\":{\"@id\":\"https:\/\/jupiter.artbees.net\/recel-turevleri\/#website\"},\"primaryImageOfPage\":{\"@id\":\"https:\/\/jupiter.artbees.net\/recel-turevleri\/product\/cekirdeksiz-uzum-receli\/#primaryimage\"},\"datePublished\":\"2018-01-12T13:15:52+00:00\",\"dateModified\":\"2018-03-01T07:10:49+00:00\",\"breadcrumb\":{\"@id\":\"https:\/\/jupiter.artbees.net\/recel-turevleri\/product\/cekirdeksiz-uzum-receli\/#breadcrumb\"},\"inLanguage\":\"en-US\",\"potentialAction\":[{\"@type\":\"ReadAction\",\"target\":[\"https:\/\/jupiter.artbees.net\/recel-turevleri\/product\/cekirdeksiz-uzum-receli\/\"]}]},{\"@type\":\"BreadcrumbList\",\"@id\":\"https:\/\/jupiter.artbees.net\/recel-turevleri\/product\/cekirdeksiz-uzum-receli\/#breadcrumb\",\"itemListElement\":[{\"@type\":\"ListItem\",\"position\":1,\"item\":{\"@type\":\"WebPage\",\"@id\":\"https:\/\/jupiter.artbees.net\/recel-turevleri\/\",\"url\":\"https:\/\/jupiter.artbees.net\/recel-turevleri\/\",\"name\":\"Home\"}},{\"@type\":\"ListItem\",\"position\":2,\"item\":{\"@type\":\"WebPage\",\"@id\":\"https:\/\/jupiter.artbees.net\/recel-turevleri\/online-alisveris\/\",\"url\":\"https:\/\/jupiter.artbees.net\/recel-turevleri\/online-alisveris\/\",\"name\":\"Online Al\\u0131\\u015fveri\\u015f\"}},{\"@type\":\"ListItem\",\"position\":3,\"item\":{\"@type\":\"WebPage\",\"@id\":\"https:\/\/jupiter.artbees.net\/recel-turevleri\/product\/cekirdeksiz-uzum-receli\/\",\"url\":\"https:\/\/jupiter.artbees.net\/recel-turevleri\/product\/cekirdeksiz-uzum-receli\/\",\"name\":\"\\u00c7ekirdeksiz \\u00dcz\\u00fcm Re\\u00e7eli\"}}]}]}<\/script>\n<!-- \/ Yoast SEO Premium plugin. -->","_links":{"self":[{"href":"https:\/\/jupiter.artbees.net\/recel-turevleri\/wp-json\/wp\/v2\/product\/157","targetHints":{"allow":["GET"]}}],"collection":[{"href":"https:\/\/jupiter.artbees.net\/recel-turevleri\/wp-json\/wp\/v2\/product"}],"about":[{"href":"https:\/\/jupiter.artbees.net\/recel-turevleri\/wp-json\/wp\/v2\/types\/product"}],"replies":[{"embeddable":true,"href":"https:\/\/jupiter.artbees.net\/recel-turevleri\/wp-json\/wp\/v2\/comments?post=157"}],"wp:featuredmedia":[{"embeddable":true,"href":"https:\/\/jupiter.artbees.net\/recel-turevleri\/wp-json\/wp\/v2\/media\/109"}],"wp:attachment":[{"href":"https:\/\/jupiter.artbees.net\/recel-turevleri\/wp-json\/wp\/v2\/media?parent=157"}],"wp:term":[{"taxonomy":"product_cat","embeddable":true,"href":"https:\/\/jupiter.artbees.net\/recel-turevleri\/wp-json\/wp\/v2\/product_cat?post=157"},{"taxonomy":"product_tag","embeddable":true,"href":"https:\/\/jupiter.artbees.net\/recel-turevleri\/wp-json\/wp\/v2\/product_tag?post=157"}],"curies":[{"name":"wp","href":"https:\/\/api.w.org\/{rel}","templated":true}]}}